{"id":22280,"date":"2023-10-06T15:06:36","date_gmt":"2023-10-06T13:06:36","guid":{"rendered":"https:\/\/www.disponic.de\/sluzby-ratownicze\/"},"modified":"2024-04-11T15:32:44","modified_gmt":"2024-04-11T13:32:44","slug":"sluzby-ratownicze","status":"publish","type":"page","link":"https:\/\/www.disponic.de\/pl\/wiedza-specjalistyczna\/sluzby-ratownicze\/","title":{"rendered":"S\u0142u\u017cby ratownicze"},"content":{"rendered":"<div class=\"wpb-content-wrapper\"><p>[vc_row full_width=&#8221;stretch_row&#8221; css=&#8221;.vc_custom_1706185135376{margin-top: -40px !important;padding-top: 20% !important;padding-bottom: 20% !important;background-image: url(https:\/\/disponic.de\/wp-content\/uploads\/2024\/01\/Header_rettungsdienst.jpg?id=620) !important;background-position: center !important;background-repeat: no-repeat !important;background-size: cover !important;}&#8221;][vc_column][\/vc_column][\/vc_row][vc_row][vc_column][vc_empty_space][\/vc_column][\/vc_row][vc_row][vc_column][vc_custom_heading text=&#8221;S\u0142u\u017cby ratownicze&#8221; font_container=&#8221;tag:h1|text_align:left&#8221; use_theme_fonts=&#8221;yes&#8221;][vc_column_text]Planowanie i niezawodno\u015b\u0107 s\u0105 niezb\u0119dne w dziedzinie us\u0142ug ratunkowych. Us\u0142ugi pierwszej pomocy na koncertach, targach lub du\u017cych imprezach, takich jak Oktoberfest, musz\u0105 by\u0107 \u015bwiadczone zgodnie z zam\u00f3wieniem klienta. Wszystko musi dzia\u0142a\u0107 bez zarzutu. Pracownicy musz\u0105 posiada\u0107 odpowiednie kwalifikacje i znajdowa\u0107 si\u0119 we w\u0142a\u015bciwym miejscu we w\u0142a\u015bciwym czasie.<\/p>\n<p>Indywidualne \u017cyczenia Klient\u00f3w oraz miejsce wykonywania us\u0142ugi ochrony przekazywane s\u0105 pracownikom za po\u015brednictwem modu\u0142u &#8222;Informacje&#8221;. Jedno klikni\u0119cie na adres obiektu w grafiku dy\u017cur\u00f3w i rozpoczyna si\u0119 nawigacja.[\/vc_column_text][\/vc_column][\/vc_row][vc_row][vc_column][vc_empty_space][\/vc_column][\/vc_row]<\/p>\n<\/div>","protected":false},"excerpt":{"rendered":"<p>[vc_row full_width=&#8221;stretch_row&#8221; css=&#8221;.vc_custom_1706185135376{margin-top: -40px !important;padding-top: 20% !important;padding-bottom: 20% !important;background-image: url(https:\/\/disponic.de\/wp-content\/uploads\/2024\/01\/Header_rettungsdienst.jpg?id=620) !important;background-position: center !important;background-repeat: no-repeat !important;background-size: cover !important;}&#8221;][vc_column][\/vc_column][\/vc_row][vc_row][vc_column][vc_empty_space][\/vc_column][\/vc_row][vc_row][vc_column][vc_custom_heading text=&#8221;S\u0142u\u017cby ratownicze&#8221; font_container=&#8221;tag:h1|text_align:left&#8221; use_theme_fonts=&#8221;yes&#8221;][vc_column_text]Planowanie i niezawodno\u015b\u0107 s\u0105 niezb\u0119dne [&hellip;]<\/p>\n","protected":false},"author":1,"featured_media":0,"parent":22333,"menu_order":0,"comment_status":"closed","ping_status":"closed","template":"","meta":{"_acf_changed":false,"footnotes":""},"class_list":["post-22280","page","type-page","status-publish","hentry","wpbf-post"],"acf":[],"yoast_head":"<!-- This site is optimized with the Yoast SEO plugin v27.5 - https:\/\/yoast.com\/product\/yoast-seo-wordpress\/ -->\n<title>S\u0142u\u017cby ratownicze - DISPONIC<\/title>\n<meta name=\"robots\" content=\"index, follow, max-snippet:-1, max-image-preview:large, max-video-preview:-1\" \/>\n<link rel=\"canonical\" href=\"https:\/\/www.disponic.de\/pl\/wiedza-specjalistyczna\/sluzby-ratownicze\/\" \/>\n<meta property=\"og:locale\" content=\"pl_PL\" \/>\n<meta property=\"og:type\" content=\"article\" \/>\n<meta property=\"og:title\" content=\"S\u0142u\u017cby ratownicze - DISPONIC\" \/>\n<meta property=\"og:description\" content=\"[vc_row full_width=&#8221;stretch_row&#8221; css=&#8221;.vc_custom_1706185135376{margin-top: -40px !important;padding-top: 20% !important;padding-bottom: 20% !important;background-image: url(https:\/\/disponic.de\/wp-content\/uploads\/2024\/01\/Header_rettungsdienst.jpg?id=620) !important;background-position: center !important;background-repeat: no-repeat !important;background-size: cover !important;}&#8221;][vc_column][\/vc_column][\/vc_row][vc_row][vc_column][vc_empty_space][\/vc_column][\/vc_row][vc_row][vc_column][vc_custom_heading text=&#8221;S\u0142u\u017cby ratownicze&#8221; font_container=&#8221;tag:h1|text_align:left&#8221; use_theme_fonts=&#8221;yes&#8221;][vc_column_text]Planowanie i niezawodno\u015b\u0107 s\u0105 niezb\u0119dne [&hellip;]\" \/>\n<meta property=\"og:url\" content=\"https:\/\/www.disponic.de\/pl\/wiedza-specjalistyczna\/sluzby-ratownicze\/\" \/>\n<meta property=\"og:site_name\" content=\"DISPONIC\" \/>\n<meta property=\"article:modified_time\" content=\"2024-04-11T13:32:44+00:00\" \/>\n<meta name=\"twitter:card\" content=\"summary_large_image\" \/>\n<meta name=\"twitter:label1\" content=\"Szacowany czas czytania\" \/>\n\t<meta name=\"twitter:data1\" content=\"1 minuta\" \/>\n<script type=\"application\/ld+json\" class=\"yoast-schema-graph\">{\"@context\":\"https:\\\/\\\/schema.org\",\"@graph\":[{\"@type\":\"WebPage\",\"@id\":\"https:\\\/\\\/www.disponic.de\\\/pl\\\/wiedza-specjalistyczna\\\/sluzby-ratownicze\\\/\",\"url\":\"https:\\\/\\\/www.disponic.de\\\/pl\\\/wiedza-specjalistyczna\\\/sluzby-ratownicze\\\/\",\"name\":\"S\u0142u\u017cby ratownicze - DISPONIC\",\"isPartOf\":{\"@id\":\"https:\\\/\\\/www.disponic.de\\\/#website\"},\"datePublished\":\"2023-10-06T13:06:36+00:00\",\"dateModified\":\"2024-04-11T13:32:44+00:00\",\"breadcrumb\":{\"@id\":\"https:\\\/\\\/www.disponic.de\\\/pl\\\/wiedza-specjalistyczna\\\/sluzby-ratownicze\\\/#breadcrumb\"},\"inLanguage\":\"pl-PL\",\"potentialAction\":[{\"@type\":\"ReadAction\",\"target\":[\"https:\\\/\\\/www.disponic.de\\\/pl\\\/wiedza-specjalistyczna\\\/sluzby-ratownicze\\\/\"]}]},{\"@type\":\"BreadcrumbList\",\"@id\":\"https:\\\/\\\/www.disponic.de\\\/pl\\\/wiedza-specjalistyczna\\\/sluzby-ratownicze\\\/#breadcrumb\",\"itemListElement\":[{\"@type\":\"ListItem\",\"position\":1,\"name\":\"Startseite\",\"item\":\"https:\\\/\\\/www.disponic.de\\\/pl\\\/\"},{\"@type\":\"ListItem\",\"position\":2,\"name\":\"Kompetencje\",\"item\":\"https:\\\/\\\/www.disponic.de\\\/pl\\\/wiedza-specjalistyczna\\\/\"},{\"@type\":\"ListItem\",\"position\":3,\"name\":\"S\u0142u\u017cby ratownicze\"}]},{\"@type\":\"WebSite\",\"@id\":\"https:\\\/\\\/www.disponic.de\\\/#website\",\"url\":\"https:\\\/\\\/www.disponic.de\\\/\",\"name\":\"DISPONIC\",\"description\":\"Die Software f\u00fcr Ihren Sicherheitsdienst. Dienstplanung, Personaleinsatzplanung, mobile Zeiterfassung &amp; Wachbuch\\\/WKS f\u00fcr die Sicherheitsbranche.\",\"publisher\":{\"@id\":\"https:\\\/\\\/www.disponic.de\\\/#organization\"},\"potentialAction\":[{\"@type\":\"SearchAction\",\"target\":{\"@type\":\"EntryPoint\",\"urlTemplate\":\"https:\\\/\\\/www.disponic.de\\\/?s={search_term_string}\"},\"query-input\":{\"@type\":\"PropertyValueSpecification\",\"valueRequired\":true,\"valueName\":\"search_term_string\"}}],\"inLanguage\":\"pl-PL\"},{\"@type\":\"Organization\",\"@id\":\"https:\\\/\\\/www.disponic.de\\\/#organization\",\"name\":\"DISPONIC\",\"url\":\"https:\\\/\\\/www.disponic.de\\\/\",\"logo\":{\"@type\":\"ImageObject\",\"inLanguage\":\"pl-PL\",\"@id\":\"https:\\\/\\\/www.disponic.de\\\/#\\\/schema\\\/logo\\\/image\\\/\",\"url\":\"https:\\\/\\\/www.disponic.de\\\/wp-content\\\/uploads\\\/2023\\\/10\\\/DISPONIC-Logo_DE.svg\",\"contentUrl\":\"https:\\\/\\\/www.disponic.de\\\/wp-content\\\/uploads\\\/2023\\\/10\\\/DISPONIC-Logo_DE.svg\",\"caption\":\"DISPONIC\"},\"image\":{\"@id\":\"https:\\\/\\\/www.disponic.de\\\/#\\\/schema\\\/logo\\\/image\\\/\"},\"sameAs\":[\"https:\\\/\\\/de.linkedin.com\\\/company\\\/bite-ag\",\"https:\\\/\\\/www.youtube.com\\\/PadisBiteAG\"]}]}<\/script>\n<!-- \/ Yoast SEO plugin. -->","yoast_head_json":{"title":"S\u0142u\u017cby ratownicze - DISPONIC","robots":{"index":"index","follow":"follow","max-snippet":"max-snippet:-1","max-image-preview":"max-image-preview:large","max-video-preview":"max-video-preview:-1"},"canonical":"https:\/\/www.disponic.de\/pl\/wiedza-specjalistyczna\/sluzby-ratownicze\/","og_locale":"pl_PL","og_type":"article","og_title":"S\u0142u\u017cby ratownicze - DISPONIC","og_description":"[vc_row full_width=&#8221;stretch_row&#8221; css=&#8221;.vc_custom_1706185135376{margin-top: -40px !important;padding-top: 20% !important;padding-bottom: 20% !important;background-image: url(https:\/\/disponic.de\/wp-content\/uploads\/2024\/01\/Header_rettungsdienst.jpg?id=620) !important;background-position: center !important;background-repeat: no-repeat !important;background-size: cover !important;}&#8221;][vc_column][\/vc_column][\/vc_row][vc_row][vc_column][vc_empty_space][\/vc_column][\/vc_row][vc_row][vc_column][vc_custom_heading text=&#8221;S\u0142u\u017cby ratownicze&#8221; font_container=&#8221;tag:h1|text_align:left&#8221; use_theme_fonts=&#8221;yes&#8221;][vc_column_text]Planowanie i niezawodno\u015b\u0107 s\u0105 niezb\u0119dne [&hellip;]","og_url":"https:\/\/www.disponic.de\/pl\/wiedza-specjalistyczna\/sluzby-ratownicze\/","og_site_name":"DISPONIC","article_modified_time":"2024-04-11T13:32:44+00:00","twitter_card":"summary_large_image","twitter_misc":{"Szacowany czas czytania":"1 minuta"},"schema":{"@context":"https:\/\/schema.org","@graph":[{"@type":"WebPage","@id":"https:\/\/www.disponic.de\/pl\/wiedza-specjalistyczna\/sluzby-ratownicze\/","url":"https:\/\/www.disponic.de\/pl\/wiedza-specjalistyczna\/sluzby-ratownicze\/","name":"S\u0142u\u017cby ratownicze - DISPONIC","isPartOf":{"@id":"https:\/\/www.disponic.de\/#website"},"datePublished":"2023-10-06T13:06:36+00:00","dateModified":"2024-04-11T13:32:44+00:00","breadcrumb":{"@id":"https:\/\/www.disponic.de\/pl\/wiedza-specjalistyczna\/sluzby-ratownicze\/#breadcrumb"},"inLanguage":"pl-PL","potentialAction":[{"@type":"ReadAction","target":["https:\/\/www.disponic.de\/pl\/wiedza-specjalistyczna\/sluzby-ratownicze\/"]}]},{"@type":"BreadcrumbList","@id":"https:\/\/www.disponic.de\/pl\/wiedza-specjalistyczna\/sluzby-ratownicze\/#breadcrumb","itemListElement":[{"@type":"ListItem","position":1,"name":"Startseite","item":"https:\/\/www.disponic.de\/pl\/"},{"@type":"ListItem","position":2,"name":"Kompetencje","item":"https:\/\/www.disponic.de\/pl\/wiedza-specjalistyczna\/"},{"@type":"ListItem","position":3,"name":"S\u0142u\u017cby ratownicze"}]},{"@type":"WebSite","@id":"https:\/\/www.disponic.de\/#website","url":"https:\/\/www.disponic.de\/","name":"DISPONIC","description":"Die Software f\u00fcr Ihren Sicherheitsdienst. Dienstplanung, Personaleinsatzplanung, mobile Zeiterfassung &amp; Wachbuch\/WKS f\u00fcr die Sicherheitsbranche.","publisher":{"@id":"https:\/\/www.disponic.de\/#organization"},"potentialAction":[{"@type":"SearchAction","target":{"@type":"EntryPoint","urlTemplate":"https:\/\/www.disponic.de\/?s={search_term_string}"},"query-input":{"@type":"PropertyValueSpecification","valueRequired":true,"valueName":"search_term_string"}}],"inLanguage":"pl-PL"},{"@type":"Organization","@id":"https:\/\/www.disponic.de\/#organization","name":"DISPONIC","url":"https:\/\/www.disponic.de\/","logo":{"@type":"ImageObject","inLanguage":"pl-PL","@id":"https:\/\/www.disponic.de\/#\/schema\/logo\/image\/","url":"https:\/\/www.disponic.de\/wp-content\/uploads\/2023\/10\/DISPONIC-Logo_DE.svg","contentUrl":"https:\/\/www.disponic.de\/wp-content\/uploads\/2023\/10\/DISPONIC-Logo_DE.svg","caption":"DISPONIC"},"image":{"@id":"https:\/\/www.disponic.de\/#\/schema\/logo\/image\/"},"sameAs":["https:\/\/de.linkedin.com\/company\/bite-ag","https:\/\/www.youtube.com\/PadisBiteAG"]}]}},"_links":{"self":[{"href":"https:\/\/www.disponic.de\/pl\/wp-json\/wp\/v2\/pages\/22280","targetHints":{"allow":["GET"]}}],"collection":[{"href":"https:\/\/www.disponic.de\/pl\/wp-json\/wp\/v2\/pages"}],"about":[{"href":"https:\/\/www.disponic.de\/pl\/wp-json\/wp\/v2\/types\/page"}],"author":[{"embeddable":true,"href":"https:\/\/www.disponic.de\/pl\/wp-json\/wp\/v2\/users\/1"}],"replies":[{"embeddable":true,"href":"https:\/\/www.disponic.de\/pl\/wp-json\/wp\/v2\/comments?post=22280"}],"version-history":[{"count":13,"href":"https:\/\/www.disponic.de\/pl\/wp-json\/wp\/v2\/pages\/22280\/revisions"}],"predecessor-version":[{"id":22584,"href":"https:\/\/www.disponic.de\/pl\/wp-json\/wp\/v2\/pages\/22280\/revisions\/22584"}],"up":[{"embeddable":true,"href":"https:\/\/www.disponic.de\/pl\/wp-json\/wp\/v2\/pages\/22333"}],"wp:attachment":[{"href":"https:\/\/www.disponic.de\/pl\/wp-json\/wp\/v2\/media?parent=22280"}],"curies":[{"name":"wp","href":"https:\/\/api.w.org\/{rel}","templated":true}]}}