{"id":22282,"date":"2023-10-06T15:09:45","date_gmt":"2023-10-06T13:09:45","guid":{"rendered":"https:\/\/www.disponic.de\/filmy-szkoleniowe\/"},"modified":"2024-04-11T14:55:46","modified_gmt":"2024-04-11T12:55:46","slug":"filmy-szkoleniowe","status":"publish","type":"page","link":"https:\/\/www.disponic.de\/pl\/uslugi\/filmy-szkoleniowe\/","title":{"rendered":"Filmy szkoleniowe"},"content":{"rendered":"<div class=\"wpb-content-wrapper\"><p>[vc_row full_width=&#8221;stretch_row&#8221; css=&#8221;.vc_custom_1706197430212{margin-top: -40px !important;padding-top: 20% !important;padding-bottom: 20% !important;background-image: url(https:\/\/disponic.de\/wp-content\/uploads\/2024\/01\/Header_Schulungsvideos.jpg?id=696) !important;background-position: center !important;background-repeat: no-repeat !important;background-size: cover !important;}&#8221;][vc_column][\/vc_column][\/vc_row][vc_row][vc_column][vc_empty_space][\/vc_column][\/vc_row][vc_row][vc_column][vc_custom_heading text=&#8221;Filmy szkoleniowe&#8221; font_container=&#8221;tag:h1|text_align:left&#8221; use_theme_fonts=&#8221;yes&#8221;][vc_column_text]Tworzymy filmy szkoleniowe dla prawie wszystkich modu\u0142\u00f3w DISPONIC. Filmy wideo s\u0105 niezwykle popularnym medium w naszej erze cyfrowej. Filmy szkoleniowe sta\u0142y si\u0119 nieodzownym zasobem w szkoleniach i dalszej edukacji. Liczne zalety s\u0105 oczywiste:<\/p>\n<p>U\u017cytkownicy mog\u0105 uczy\u0107 si\u0119 w dowolnym czasie i z dowolnego miejsca, a tak\u017ce okre\u015bla\u0107 w\u0142asne tempo nauki. Raz zakupione filmy mo\u017cna ogl\u0105da\u0107 tak cz\u0119sto, jak chcesz, zapewniaj\u0105c sobie trwa\u0142y sukces w nauce. Wykorzystanie film\u00f3w szkoleniowych do szkolenia pracownik\u00f3w umo\u017cliwia tworzenie cennych zasob\u00f3w, kt\u00f3re b\u0119d\u0105 dost\u0119pne dla firmy w przysz\u0142o\u015bci.<\/p>\n<p>Filmy szkoleniowe zapewniaj\u0105 cenne wsparcie, zw\u0142aszcza w czasoch\u0142onnym procesie wdra\u017cania. Dostarczaj\u0105 one jasnych i zrozumia\u0142ych informacji, kt\u00f3re u\u0142atwiaj\u0105 i przyspieszaj\u0105 wdra\u017canie nowych pracownik\u00f3w.<\/p>\n<p>Nasza si\u0142a? Bardzo dobrze znamy nasz\u0105 grup\u0119 docelow\u0105. Dzi\u0119ki 30-letniemu do\u015bwiadczeniu mamy wyj\u0105tkow\u0105 perspektyw\u0119 na rzeczy, kt\u00f3re chcemy przekaza\u0107 w naszych filmach szkoleniowych. Zaufaj naszej wiedzy i odkryj nowoczesny, skuteczny spos\u00f3b szkolenia i dalszej edukacji. Witamy w naszych filmach szkoleniowych &#8211; kluczu do trwa\u0142ej wiedzy i skutecznego rozwoju pracownik\u00f3w.[\/vc_column_text][\/vc_column][\/vc_row][vc_row full_width=&#8221;stretch_row&#8221; css=&#8221;.vc_custom_1697542611630{margin-top: 5% !important;margin-bottom: 5% !important;padding-top: 5% !important;padding-bottom: 5% !important;background-image: url(https:\/\/disponic.de\/wp-content\/uploads\/2023\/09\/Gruppe-45.jpg?id=29) !important;}&#8221;][vc_column css=&#8221;.vc_custom_1696252732519{padding-top: 0px !important;padding-bottom: 0px !important;}&#8221;][vc_row_inner content_placement=&#8221;middle&#8221; css=&#8221;.vc_custom_1696252716049{padding-top: 0px !important;padding-bottom: 0px !important;background-color: #f9b135 !important;}&#8221; el_class=&#8221;cta_yellow&#8221;][vc_column_inner width=&#8221;2\/3&#8243;][vc_column_text]Czy masz jakie\u015b pytania na ten temat lub chcia\u0142by\u015b, aby nasi eksperci doradzili Ci w zakresie niestandardowego rozwi\u0105zania? Jeste\u015bmy tu dla Ciebie![\/vc_column_text][\/vc_column_inner][vc_column_inner width=&#8221;1\/3&#8243; css=&#8221;.vc_custom_1696251950843{padding-top: 0px !important;}&#8221;][vc_btn title=&#8221;Skontaktuj si\u0119 teraz&#8221; style=&#8221;flat&#8221; shape=&#8221;square&#8221; color=&#8221;white&#8221; align=&#8221;right&#8221; link=&#8221;url:https%3A%2F%2Fdisponic.de%2Fkontakt%2F|title:Zarejestruj%20si%C4%99%20teraz|&#8221; css=&#8221;.vc_custom_1707228189526{margin-bottom: 0px !important;}&#8221;][\/vc_column_inner][\/vc_row_inner][\/vc_column][\/vc_row]<\/p>\n<\/div>","protected":false},"excerpt":{"rendered":"<p>[vc_row full_width=&#8221;stretch_row&#8221; css=&#8221;.vc_custom_1706197430212{margin-top: -40px !important;padding-top: 20% !important;padding-bottom: 20% !important;background-image: url(https:\/\/disponic.de\/wp-content\/uploads\/2024\/01\/Header_Schulungsvideos.jpg?id=696) !important;background-position: center !important;background-repeat: no-repeat !important;background-size: cover !important;}&#8221;][vc_column][\/vc_column][\/vc_row][vc_row][vc_column][vc_empty_space][\/vc_column][\/vc_row][vc_row][vc_column][vc_custom_heading text=&#8221;Filmy szkoleniowe&#8221; font_container=&#8221;tag:h1|text_align:left&#8221; use_theme_fonts=&#8221;yes&#8221;][vc_column_text]Tworzymy filmy szkoleniowe dla prawie [&hellip;]<\/p>\n","protected":false},"author":1,"featured_media":0,"parent":22303,"menu_order":0,"comment_status":"closed","ping_status":"closed","template":"","meta":{"_acf_changed":false,"footnotes":""},"class_list":["post-22282","page","type-page","status-publish","hentry","wpbf-post"],"acf":[],"yoast_head":"<!-- This site is optimized with the Yoast SEO plugin v27.4 - https:\/\/yoast.com\/product\/yoast-seo-wordpress\/ -->\n<title>Filmy szkoleniowe - DISPONIC<\/title>\n<meta name=\"robots\" content=\"index, follow, max-snippet:-1, max-image-preview:large, max-video-preview:-1\" \/>\n<link rel=\"canonical\" href=\"https:\/\/www.disponic.de\/pl\/uslugi\/filmy-szkoleniowe\/\" \/>\n<meta property=\"og:locale\" content=\"pl_PL\" \/>\n<meta property=\"og:type\" content=\"article\" \/>\n<meta property=\"og:title\" content=\"Filmy szkoleniowe - DISPONIC\" \/>\n<meta property=\"og:description\" content=\"[vc_row full_width=&#8221;stretch_row&#8221; css=&#8221;.vc_custom_1706197430212{margin-top: -40px !important;padding-top: 20% !important;padding-bottom: 20% !important;background-image: url(https:\/\/disponic.de\/wp-content\/uploads\/2024\/01\/Header_Schulungsvideos.jpg?id=696) !important;background-position: center !important;background-repeat: no-repeat !important;background-size: cover !important;}&#8221;][vc_column][\/vc_column][\/vc_row][vc_row][vc_column][vc_empty_space][\/vc_column][\/vc_row][vc_row][vc_column][vc_custom_heading text=&#8221;Filmy szkoleniowe&#8221; font_container=&#8221;tag:h1|text_align:left&#8221; use_theme_fonts=&#8221;yes&#8221;][vc_column_text]Tworzymy filmy szkoleniowe dla prawie [&hellip;]\" \/>\n<meta property=\"og:url\" content=\"https:\/\/www.disponic.de\/pl\/uslugi\/filmy-szkoleniowe\/\" \/>\n<meta property=\"og:site_name\" content=\"DISPONIC\" \/>\n<meta property=\"article:modified_time\" content=\"2024-04-11T12:55:46+00:00\" \/>\n<meta name=\"twitter:card\" content=\"summary_large_image\" \/>\n<meta name=\"twitter:label1\" content=\"Szacowany czas czytania\" \/>\n\t<meta name=\"twitter:data1\" content=\"2 minuty\" \/>\n<script type=\"application\/ld+json\" class=\"yoast-schema-graph\">{\"@context\":\"https:\\\/\\\/schema.org\",\"@graph\":[{\"@type\":\"WebPage\",\"@id\":\"https:\\\/\\\/www.disponic.de\\\/pl\\\/uslugi\\\/filmy-szkoleniowe\\\/\",\"url\":\"https:\\\/\\\/www.disponic.de\\\/pl\\\/uslugi\\\/filmy-szkoleniowe\\\/\",\"name\":\"Filmy szkoleniowe - DISPONIC\",\"isPartOf\":{\"@id\":\"https:\\\/\\\/www.disponic.de\\\/#website\"},\"datePublished\":\"2023-10-06T13:09:45+00:00\",\"dateModified\":\"2024-04-11T12:55:46+00:00\",\"breadcrumb\":{\"@id\":\"https:\\\/\\\/www.disponic.de\\\/pl\\\/uslugi\\\/filmy-szkoleniowe\\\/#breadcrumb\"},\"inLanguage\":\"pl-PL\",\"potentialAction\":[{\"@type\":\"ReadAction\",\"target\":[\"https:\\\/\\\/www.disponic.de\\\/pl\\\/uslugi\\\/filmy-szkoleniowe\\\/\"]}]},{\"@type\":\"BreadcrumbList\",\"@id\":\"https:\\\/\\\/www.disponic.de\\\/pl\\\/uslugi\\\/filmy-szkoleniowe\\\/#breadcrumb\",\"itemListElement\":[{\"@type\":\"ListItem\",\"position\":1,\"name\":\"Startseite\",\"item\":\"https:\\\/\\\/www.disponic.de\\\/pl\\\/\"},{\"@type\":\"ListItem\",\"position\":2,\"name\":\"Us\u0142ugi\",\"item\":\"https:\\\/\\\/www.disponic.de\\\/pl\\\/uslugi\\\/\"},{\"@type\":\"ListItem\",\"position\":3,\"name\":\"Filmy szkoleniowe\"}]},{\"@type\":\"WebSite\",\"@id\":\"https:\\\/\\\/www.disponic.de\\\/#website\",\"url\":\"https:\\\/\\\/www.disponic.de\\\/\",\"name\":\"DISPONIC\",\"description\":\"Die Software f\u00fcr Ihren Sicherheitsdienst. Dienstplanung, Personaleinsatzplanung, mobile Zeiterfassung &amp; Wachbuch\\\/WKS f\u00fcr die Sicherheitsbranche.\",\"publisher\":{\"@id\":\"https:\\\/\\\/www.disponic.de\\\/#organization\"},\"potentialAction\":[{\"@type\":\"SearchAction\",\"target\":{\"@type\":\"EntryPoint\",\"urlTemplate\":\"https:\\\/\\\/www.disponic.de\\\/?s={search_term_string}\"},\"query-input\":{\"@type\":\"PropertyValueSpecification\",\"valueRequired\":true,\"valueName\":\"search_term_string\"}}],\"inLanguage\":\"pl-PL\"},{\"@type\":\"Organization\",\"@id\":\"https:\\\/\\\/www.disponic.de\\\/#organization\",\"name\":\"DISPONIC\",\"url\":\"https:\\\/\\\/www.disponic.de\\\/\",\"logo\":{\"@type\":\"ImageObject\",\"inLanguage\":\"pl-PL\",\"@id\":\"https:\\\/\\\/www.disponic.de\\\/#\\\/schema\\\/logo\\\/image\\\/\",\"url\":\"https:\\\/\\\/www.disponic.de\\\/wp-content\\\/uploads\\\/2023\\\/10\\\/DISPONIC-Logo_DE.svg\",\"contentUrl\":\"https:\\\/\\\/www.disponic.de\\\/wp-content\\\/uploads\\\/2023\\\/10\\\/DISPONIC-Logo_DE.svg\",\"caption\":\"DISPONIC\"},\"image\":{\"@id\":\"https:\\\/\\\/www.disponic.de\\\/#\\\/schema\\\/logo\\\/image\\\/\"},\"sameAs\":[\"https:\\\/\\\/de.linkedin.com\\\/company\\\/bite-ag\",\"https:\\\/\\\/www.youtube.com\\\/PadisBiteAG\"]}]}<\/script>\n<!-- \/ Yoast SEO plugin. -->","yoast_head_json":{"title":"Filmy szkoleniowe - DISPONIC","robots":{"index":"index","follow":"follow","max-snippet":"max-snippet:-1","max-image-preview":"max-image-preview:large","max-video-preview":"max-video-preview:-1"},"canonical":"https:\/\/www.disponic.de\/pl\/uslugi\/filmy-szkoleniowe\/","og_locale":"pl_PL","og_type":"article","og_title":"Filmy szkoleniowe - DISPONIC","og_description":"[vc_row full_width=&#8221;stretch_row&#8221; css=&#8221;.vc_custom_1706197430212{margin-top: -40px !important;padding-top: 20% !important;padding-bottom: 20% !important;background-image: url(https:\/\/disponic.de\/wp-content\/uploads\/2024\/01\/Header_Schulungsvideos.jpg?id=696) !important;background-position: center !important;background-repeat: no-repeat !important;background-size: cover !important;}&#8221;][vc_column][\/vc_column][\/vc_row][vc_row][vc_column][vc_empty_space][\/vc_column][\/vc_row][vc_row][vc_column][vc_custom_heading text=&#8221;Filmy szkoleniowe&#8221; font_container=&#8221;tag:h1|text_align:left&#8221; use_theme_fonts=&#8221;yes&#8221;][vc_column_text]Tworzymy filmy szkoleniowe dla prawie [&hellip;]","og_url":"https:\/\/www.disponic.de\/pl\/uslugi\/filmy-szkoleniowe\/","og_site_name":"DISPONIC","article_modified_time":"2024-04-11T12:55:46+00:00","twitter_card":"summary_large_image","twitter_misc":{"Szacowany czas czytania":"2 minuty"},"schema":{"@context":"https:\/\/schema.org","@graph":[{"@type":"WebPage","@id":"https:\/\/www.disponic.de\/pl\/uslugi\/filmy-szkoleniowe\/","url":"https:\/\/www.disponic.de\/pl\/uslugi\/filmy-szkoleniowe\/","name":"Filmy szkoleniowe - DISPONIC","isPartOf":{"@id":"https:\/\/www.disponic.de\/#website"},"datePublished":"2023-10-06T13:09:45+00:00","dateModified":"2024-04-11T12:55:46+00:00","breadcrumb":{"@id":"https:\/\/www.disponic.de\/pl\/uslugi\/filmy-szkoleniowe\/#breadcrumb"},"inLanguage":"pl-PL","potentialAction":[{"@type":"ReadAction","target":["https:\/\/www.disponic.de\/pl\/uslugi\/filmy-szkoleniowe\/"]}]},{"@type":"BreadcrumbList","@id":"https:\/\/www.disponic.de\/pl\/uslugi\/filmy-szkoleniowe\/#breadcrumb","itemListElement":[{"@type":"ListItem","position":1,"name":"Startseite","item":"https:\/\/www.disponic.de\/pl\/"},{"@type":"ListItem","position":2,"name":"Us\u0142ugi","item":"https:\/\/www.disponic.de\/pl\/uslugi\/"},{"@type":"ListItem","position":3,"name":"Filmy szkoleniowe"}]},{"@type":"WebSite","@id":"https:\/\/www.disponic.de\/#website","url":"https:\/\/www.disponic.de\/","name":"DISPONIC","description":"Die Software f\u00fcr Ihren Sicherheitsdienst. Dienstplanung, Personaleinsatzplanung, mobile Zeiterfassung &amp; Wachbuch\/WKS f\u00fcr die Sicherheitsbranche.","publisher":{"@id":"https:\/\/www.disponic.de\/#organization"},"potentialAction":[{"@type":"SearchAction","target":{"@type":"EntryPoint","urlTemplate":"https:\/\/www.disponic.de\/?s={search_term_string}"},"query-input":{"@type":"PropertyValueSpecification","valueRequired":true,"valueName":"search_term_string"}}],"inLanguage":"pl-PL"},{"@type":"Organization","@id":"https:\/\/www.disponic.de\/#organization","name":"DISPONIC","url":"https:\/\/www.disponic.de\/","logo":{"@type":"ImageObject","inLanguage":"pl-PL","@id":"https:\/\/www.disponic.de\/#\/schema\/logo\/image\/","url":"https:\/\/www.disponic.de\/wp-content\/uploads\/2023\/10\/DISPONIC-Logo_DE.svg","contentUrl":"https:\/\/www.disponic.de\/wp-content\/uploads\/2023\/10\/DISPONIC-Logo_DE.svg","caption":"DISPONIC"},"image":{"@id":"https:\/\/www.disponic.de\/#\/schema\/logo\/image\/"},"sameAs":["https:\/\/de.linkedin.com\/company\/bite-ag","https:\/\/www.youtube.com\/PadisBiteAG"]}]}},"_links":{"self":[{"href":"https:\/\/www.disponic.de\/pl\/wp-json\/wp\/v2\/pages\/22282","targetHints":{"allow":["GET"]}}],"collection":[{"href":"https:\/\/www.disponic.de\/pl\/wp-json\/wp\/v2\/pages"}],"about":[{"href":"https:\/\/www.disponic.de\/pl\/wp-json\/wp\/v2\/types\/page"}],"author":[{"embeddable":true,"href":"https:\/\/www.disponic.de\/pl\/wp-json\/wp\/v2\/users\/1"}],"replies":[{"embeddable":true,"href":"https:\/\/www.disponic.de\/pl\/wp-json\/wp\/v2\/comments?post=22282"}],"version-history":[{"count":24,"href":"https:\/\/www.disponic.de\/pl\/wp-json\/wp\/v2\/pages\/22282\/revisions"}],"predecessor-version":[{"id":22554,"href":"https:\/\/www.disponic.de\/pl\/wp-json\/wp\/v2\/pages\/22282\/revisions\/22554"}],"up":[{"embeddable":true,"href":"https:\/\/www.disponic.de\/pl\/wp-json\/wp\/v2\/pages\/22303"}],"wp:attachment":[{"href":"https:\/\/www.disponic.de\/pl\/wp-json\/wp\/v2\/media?parent=22282"}],"curies":[{"name":"wp","href":"https:\/\/api.w.org\/{rel}","templated":true}]}}