{"id":22303,"date":"2023-09-25T15:55:05","date_gmt":"2023-09-25T13:55:05","guid":{"rendered":"https:\/\/www.disponic.de\/uslugi\/"},"modified":"2024-04-10T17:20:36","modified_gmt":"2024-04-10T15:20:36","slug":"uslugi","status":"publish","type":"page","link":"https:\/\/www.disponic.de\/pl\/uslugi\/","title":{"rendered":"Us\u0142ugi"},"content":{"rendered":"<div class=\"wpb-content-wrapper\"><p>[vc_row full_width=&#8221;stretch_row&#8221; css=&#8221;.vc_custom_1704977845411{margin-top: -40px !important;padding-top: 20% !important;padding-bottom: 20% !important;background-image: url(https:\/\/disponic.de\/wp-content\/uploads\/2024\/01\/Header_service.jpg?id=525) !important;}&#8221;][vc_column][\/vc_column][\/vc_row][vc_row][vc_column][vc_empty_space][\/vc_column][\/vc_row][vc_row][vc_column][vc_custom_heading text=&#8221;Us\u0142ugi&#8221; font_container=&#8221;tag:h1|text_align:left&#8221; use_theme_fonts=&#8221;yes&#8221;][vc_column_text]<strong>Najlepsze przygotowanie do wydajnej pracy dzi\u0119ki idealnemu wsparciu<\/strong><\/p>\n<p>Nasze kompleksowe us\u0142ugi maj\u0105 na celu zapewnienie naszym klientom najlepszych warunk\u00f3w do wydajnej pracy. Od analiz potrzeb i wdro\u017ce\u0144 po wprowadzanie produkt\u00f3w na rynek. Wraz z kursami szkoleniowymi i dodatkowym programowaniem obejmujemy ca\u0142e spektrum.<\/p>\n<p>Oferujemy wszystko z jednego \u017ar\u00f3d\u0142a: doradztwo, zarz\u0105dzanie projektami, szkolenia, infolini\u0119 i us\u0142ugi samoobs\u0142ugowe, takie jak filmy szkoleniowe, a w niedalekiej przysz\u0142o\u015bci e-learning.[\/vc_column_text][\/vc_column][\/vc_row][vc_row][vc_column][vc_empty_space][vc_custom_heading text=&#8221;Nasze us\u0142ugi obejmuj\u0105&#8221; font_container=&#8221;tag:h3|text_align:left&#8221; use_theme_fonts=&#8221;yes&#8221; el_class=&#8221;yellow-head&#8221;][vc_empty_space height=&#8221;50px&#8221;][\/vc_column][\/vc_row][vc_row full_width=&#8221;stretch_row&#8221; css=&#8221;.vc_custom_1696255033424{padding-top: 3% !important;padding-bottom: 3% !important;background-color: #f5f5f5 !important;}&#8221;][vc_column][vc_row_inner gap=&#8221;35&#8243; el_class=&#8221;grey_box&#8221;][vc_column_inner width=&#8221;2\/3&#8243;][vc_custom_heading text=&#8221;Konsultacje&#8221; font_container=&#8221;tag:h3|text_align:left&#8221; use_theme_fonts=&#8221;yes&#8221;][vc_empty_space][vc_column_text]Dla nas nie chodzi tylko o sprzeda\u017c oprogramowania, kt\u00f3re mo\u017ce, ale nie musi pasowa\u0107. Naszym celem jest pozyskanie klient\u00f3w, kt\u00f3rzy b\u0119d\u0105 nie tylko zadowoleni z nowego rozwi\u0105zania, ale b\u0119d\u0105 dzi\u0119ki niemu szcz\u0119\u015bliwi.[\/vc_column_text][vc_btn title=&#8221;Wi\u0119cej informacji&#8221; style=&#8221;flat&#8221; shape=&#8221;square&#8221; color=&#8221;white&#8221; align=&#8221;left&#8221; link=&#8221;url:https%3A%2F%2Fdisponic.de%2Fservices%2Fconsulting%2F|title:Zarejestruj%20si%C4%99%20teraz|&#8221; css=&#8221;.vc_custom_1697186260579{margin-bottom: 0px !important;}&#8221; el_class=&#8221;btn_yellow&#8221;][\/vc_column_inner][vc_column_inner width=&#8221;1\/3&#8243;][vc_single_image image=&#8221;645&#8243; img_size=&#8221;full&#8221; alignment=&#8221;center&#8221;][\/vc_column_inner][\/vc_row_inner][\/vc_column][\/vc_row][vc_row][vc_column][vc_empty_space height=&#8221;12px&#8221;][\/vc_column][\/vc_row][vc_row full_width=&#8221;stretch_row&#8221; css=&#8221;.vc_custom_1697186042124{padding-top: 3% !important;padding-bottom: 3% !important;}&#8221;][vc_column][vc_row_inner gap=&#8221;35&#8243; el_class=&#8221;grey_box&#8221;][vc_column_inner width=&#8221;2\/3&#8243;][vc_custom_heading text=&#8221;Zarz\u0105dzanie projektami&#8221; font_container=&#8221;tag:h3|text_align:left&#8221; use_theme_fonts=&#8221;yes&#8221;][vc_empty_space][vc_column_text]Nasze do\u015bwiadczenie polega na umo\u017cliwieniu firmom ochroniarskim wydajnej pracy poprzez wprowadzenie DISPONIC. Zapewniamy kompleksowe wsparcie projektu poprzez profesjonalne zarz\u0105dzanie projektem.[\/vc_column_text][vc_btn title=&#8221;Wi\u0119cej informacji&#8221; style=&#8221;flat&#8221; shape=&#8221;square&#8221; color=&#8221;white&#8221; align=&#8221;left&#8221; link=&#8221;url:https%3A%2F%2Fdisponic.de%2Fservices%2Fprojektmanagement%2F|title:Zarejestruj%20si%C4%99%20teraz|&#8221; css=&#8221;.vc_custom_1705939529430{margin-bottom: 0px !important;}&#8221; el_class=&#8221;btn_yellow&#8221;][\/vc_column_inner][vc_column_inner width=&#8221;1\/3&#8243;][vc_single_image image=&#8221;646&#8243; img_size=&#8221;full&#8221; alignment=&#8221;center&#8221;][\/vc_column_inner][\/vc_row_inner][\/vc_column][\/vc_row][vc_row][vc_column][vc_empty_space height=&#8221;12px&#8221;][\/vc_column][\/vc_row][vc_row full_width=&#8221;stretch_row&#8221; css=&#8221;.vc_custom_1696255033424{padding-top: 3% !important;padding-bottom: 3% !important;background-color: #f5f5f5 !important;}&#8221;][vc_column][vc_row_inner gap=&#8221;35&#8243; el_class=&#8221;grey_box&#8221;][vc_column_inner width=&#8221;2\/3&#8243;][vc_custom_heading text=&#8221;Szkolenia&#8221; font_container=&#8221;tag:h3|text_align:left&#8221; use_theme_fonts=&#8221;yes&#8221;][vc_empty_space][vc_column_text]Aby w pe\u0142ni wykorzysta\u0107 potencja\u0142 naszego oprogramowania i zwi\u0105zane z nim korzy\u015bci, przywi\u0105zujemy du\u017c\u0105 wag\u0119 do szkolenia pracownik\u00f3w.[\/vc_column_text][vc_btn title=&#8221;Wi\u0119cej informacji&#8221; style=&#8221;flat&#8221; shape=&#8221;square&#8221; color=&#8221;white&#8221; align=&#8221;left&#8221; link=&#8221;url:https%3A%2F%2Fdisponic.de%2Fservices%2Fschulung%2F|title:Zarejestruj%20si%C4%99%20teraz|&#8221; css=&#8221;.vc_custom_1697186286167{margin-bottom: 0px !important;}&#8221; el_class=&#8221;btn_yellow&#8221;][\/vc_column_inner][vc_column_inner width=&#8221;1\/3&#8243;][vc_single_image image=&#8221;647&#8243; img_size=&#8221;full&#8221; alignment=&#8221;center&#8221;][\/vc_column_inner][\/vc_row_inner][\/vc_column][\/vc_row][vc_row][vc_column][vc_empty_space height=&#8221;12px&#8221;][\/vc_column][\/vc_row][vc_row full_width=&#8221;stretch_row&#8221; css=&#8221;.vc_custom_1697186050655{padding-top: 3% !important;padding-bottom: 3% !important;}&#8221;][vc_column][vc_row_inner gap=&#8221;35&#8243; el_class=&#8221;grey_box&#8221;][vc_column_inner width=&#8221;2\/3&#8243;][vc_custom_heading text=&#8221;Hotline&#8221; font_container=&#8221;tag:h3|text_align:left&#8221; use_theme_fonts=&#8221;yes&#8221;][vc_empty_space][vc_column_text]Nasze programy szkoleniowe dotycz\u0105ce wprowadzenia DISPONIC s\u0105 indywidualnie dostosowywane do naszych klient\u00f3w. Om\u00f3wimy z Tob\u0105 poszczeg\u00f3lne etapy pracy online lub na miejscu. Po zako\u0144czeniu szkolenia, w ramach umowy o \u015bwiadczenie us\u0142ug infolinii, istnieje mo\u017cliwo\u015b\u0107 bezpo\u015bredniej rozmowy z kompetentn\u0105 osob\u0105 kontaktow\u0105 za po\u015brednictwem numeru infolinii.[\/vc_column_text][vc_btn title=&#8221;Wi\u0119cej informacji&#8221; style=&#8221;flat&#8221; shape=&#8221;square&#8221; color=&#8221;white&#8221; align=&#8221;left&#8221; link=&#8221;url:https%3A%2F%2Fdisponic.de%2Fservices%2Fhotline%2F|title:Zarejestruj%20si%C4%99%20teraz|&#8221; css=&#8221;.vc_custom_1705940165520{margin-bottom: 0px !important;}&#8221; el_class=&#8221;btn_yellow&#8221;][\/vc_column_inner][vc_column_inner width=&#8221;1\/3&#8243;][vc_single_image image=&#8221;648&#8243; img_size=&#8221;full&#8221; alignment=&#8221;center&#8221;][\/vc_column_inner][\/vc_row_inner][\/vc_column][\/vc_row][vc_row][vc_column][vc_empty_space height=&#8221;12px&#8221;][\/vc_column][\/vc_row][vc_row full_width=&#8221;stretch_row&#8221; css=&#8221;.vc_custom_1696255033424{padding-top: 3% !important;padding-bottom: 3% !important;background-color: #f5f5f5 !important;}&#8221;][vc_column][vc_row_inner gap=&#8221;35&#8243; el_class=&#8221;grey_box&#8221;][vc_column_inner width=&#8221;2\/3&#8243;][vc_custom_heading text=&#8221;Hosting&#8221; font_container=&#8221;tag:h3|text_align:left&#8221; use_theme_fonts=&#8221;yes&#8221;][vc_empty_space][vc_column_text]Jako klient jeste\u015b elastyczny i masz wyb\u00f3r, na kt\u00f3rym serwerze powinna znajdowa\u0107 si\u0119 Twoja baza danych. Mo\u017cesz wybra\u0107 mi\u0119dzy samodzielnym hostingiem lub skorzystaniem z naszej us\u0142ugi HOSTINGU na serwerach w Niemczech.[\/vc_column_text][vc_btn title=&#8221;Wi\u0119cej informacji&#8221; style=&#8221;flat&#8221; shape=&#8221;square&#8221; color=&#8221;white&#8221; align=&#8221;left&#8221; link=&#8221;url:https%3A%2F%2Fdisponic.de%2Fservices%2Fhosting%2F|title:Zarejestruj%20si%C4%99%20teraz|&#8221; css=&#8221;.vc_custom_1697186308294{margin-bottom: 0px !important;}&#8221; el_class=&#8221;btn_yellow&#8221;][\/vc_column_inner][vc_column_inner width=&#8221;1\/3&#8243;][vc_single_image image=&#8221;627&#8243; img_size=&#8221;full&#8221; alignment=&#8221;center&#8221;][\/vc_column_inner][\/vc_row_inner][\/vc_column][\/vc_row][vc_row el_id=&#8221;selfservices&#8221;][vc_column][vc_empty_space height=&#8221;12px&#8221;][\/vc_column][\/vc_row][vc_row full_width=&#8221;stretch_row&#8221; css=&#8221;.vc_custom_1697186058558{padding-top: 3% !important;padding-bottom: 3% !important;}&#8221;][vc_column][vc_row_inner gap=&#8221;35&#8243; el_class=&#8221;grey_box&#8221;][vc_column_inner width=&#8221;2\/3&#8243;][vc_custom_heading text=&#8221;Samoobs\u0142uga&#8221; font_container=&#8221;tag:h3|text_align:left&#8221; use_theme_fonts=&#8221;yes&#8221;][vc_empty_space][vc_column_text]Skupiamy si\u0119 nie na szybkiej sprzeda\u017cy oprogramowania, ale na rozwi\u0105zaniach dostosowanych do indywidualnych potrzeb. Nasz cel wykracza daleko poza zwyk\u0142\u0105 satysfakcj\u0119 &#8211; chcemy, aby\u015b by\u0142 zadowolony z nowego rozwi\u0105zania. Aby to osi\u0105gn\u0105\u0107, polegamy na kompleksowym i spersonalizowanym doradztwie, aby zapewni\u0107 najlepsze mo\u017cliwe rozwi\u0105zanie dla Twojej firmy.[\/vc_column_text][vc_btn title=&#8221;Filmy szkoleniowe&#8221; style=&#8221;flat&#8221; shape=&#8221;square&#8221; color=&#8221;white&#8221; link=&#8221;url:https%3A%2F%2Fdisponic.de%2Fservices%2Fschulungsvideos%2F|title:Zarejestruj%20si%C4%99%20teraz|&#8221; css=&#8221;.vc_custom_1707228033735{margin-bottom: 0px !important;}&#8221; el_class=&#8221;btn_yellow&#8221;][vc_btn title=&#8221;E-learning&#8221; style=&#8221;flat&#8221; shape=&#8221;square&#8221; color=&#8221;white&#8221; link=&#8221;url:https%3A%2F%2Fdisponic.de%2Fservices%2Fe-learning%2F|title:Zarejestruj%20si%C4%99%20teraz|&#8221; css=&#8221;.vc_custom_1708336295847{margin-bottom: 0px !important;margin-left: 50px !important;}&#8221; el_class=&#8221;btn_yellow hidden&#8221;][\/vc_column_inner][vc_column_inner width=&#8221;1\/3&#8243;][vc_single_image image=&#8221;683&#8243; img_size=&#8221;full&#8221; alignment=&#8221;center&#8221;][\/vc_column_inner][\/vc_row_inner][\/vc_column][\/vc_row]<\/p>\n<\/div>","protected":false},"excerpt":{"rendered":"<p>[vc_row full_width=&#8221;stretch_row&#8221; css=&#8221;.vc_custom_1704977845411{margin-top: -40px !important;padding-top: 20% !important;padding-bottom: 20% !important;background-image: url(https:\/\/disponic.de\/wp-content\/uploads\/2024\/01\/Header_service.jpg?id=525) !important;}&#8221;][vc_column][\/vc_column][\/vc_row][vc_row][vc_column][vc_empty_space][\/vc_column][\/vc_row][vc_row][vc_column][vc_custom_heading text=&#8221;Us\u0142ugi&#8221; font_container=&#8221;tag:h1|text_align:left&#8221; use_theme_fonts=&#8221;yes&#8221;][vc_column_text]Najlepsze przygotowanie do wydajnej pracy dzi\u0119ki idealnemu wsparciu Nasze kompleksowe us\u0142ugi maj\u0105 [&hellip;]<\/p>\n","protected":false},"author":1,"featured_media":0,"parent":0,"menu_order":0,"comment_status":"closed","ping_status":"closed","template":"","meta":{"_acf_changed":false,"footnotes":""},"class_list":["post-22303","page","type-page","status-publish","hentry","wpbf-post"],"acf":[],"yoast_head":"<!-- This site is optimized with the Yoast SEO plugin v27.3 - https:\/\/yoast.com\/product\/yoast-seo-wordpress\/ -->\n<title>Us\u0142ugi - DISPONIC<\/title>\n<meta name=\"robots\" content=\"index, follow, max-snippet:-1, max-image-preview:large, max-video-preview:-1\" \/>\n<link rel=\"canonical\" href=\"https:\/\/www.disponic.de\/pl\/uslugi\/\" \/>\n<meta property=\"og:locale\" content=\"pl_PL\" \/>\n<meta property=\"og:type\" content=\"article\" \/>\n<meta property=\"og:title\" content=\"Us\u0142ugi - DISPONIC\" \/>\n<meta property=\"og:description\" content=\"[vc_row full_width=&#8221;stretch_row&#8221; css=&#8221;.vc_custom_1704977845411{margin-top: -40px !important;padding-top: 20% !important;padding-bottom: 20% !important;background-image: url(https:\/\/disponic.de\/wp-content\/uploads\/2024\/01\/Header_service.jpg?id=525) !important;}&#8221;][vc_column][\/vc_column][\/vc_row][vc_row][vc_column][vc_empty_space][\/vc_column][\/vc_row][vc_row][vc_column][vc_custom_heading text=&#8221;Us\u0142ugi&#8221; font_container=&#8221;tag:h1|text_align:left&#8221; use_theme_fonts=&#8221;yes&#8221;][vc_column_text]Najlepsze przygotowanie do wydajnej pracy dzi\u0119ki idealnemu wsparciu Nasze kompleksowe us\u0142ugi maj\u0105 [&hellip;]\" \/>\n<meta property=\"og:url\" content=\"https:\/\/www.disponic.de\/pl\/uslugi\/\" \/>\n<meta property=\"og:site_name\" content=\"DISPONIC\" \/>\n<meta property=\"article:modified_time\" content=\"2024-04-10T15:20:36+00:00\" \/>\n<meta name=\"twitter:card\" content=\"summary_large_image\" \/>\n<meta name=\"twitter:label1\" content=\"Szacowany czas czytania\" \/>\n\t<meta name=\"twitter:data1\" content=\"6 minut\" \/>\n<script type=\"application\/ld+json\" class=\"yoast-schema-graph\">{\"@context\":\"https:\\\/\\\/schema.org\",\"@graph\":[{\"@type\":\"WebPage\",\"@id\":\"https:\\\/\\\/www.disponic.de\\\/pl\\\/uslugi\\\/\",\"url\":\"https:\\\/\\\/www.disponic.de\\\/pl\\\/uslugi\\\/\",\"name\":\"Us\u0142ugi - DISPONIC\",\"isPartOf\":{\"@id\":\"https:\\\/\\\/www.disponic.de\\\/#website\"},\"datePublished\":\"2023-09-25T13:55:05+00:00\",\"dateModified\":\"2024-04-10T15:20:36+00:00\",\"breadcrumb\":{\"@id\":\"https:\\\/\\\/www.disponic.de\\\/pl\\\/uslugi\\\/#breadcrumb\"},\"inLanguage\":\"pl-PL\",\"potentialAction\":[{\"@type\":\"ReadAction\",\"target\":[\"https:\\\/\\\/www.disponic.de\\\/pl\\\/uslugi\\\/\"]}]},{\"@type\":\"BreadcrumbList\",\"@id\":\"https:\\\/\\\/www.disponic.de\\\/pl\\\/uslugi\\\/#breadcrumb\",\"itemListElement\":[{\"@type\":\"ListItem\",\"position\":1,\"name\":\"Startseite\",\"item\":\"https:\\\/\\\/www.disponic.de\\\/pl\\\/\"},{\"@type\":\"ListItem\",\"position\":2,\"name\":\"Us\u0142ugi\"}]},{\"@type\":\"WebSite\",\"@id\":\"https:\\\/\\\/www.disponic.de\\\/#website\",\"url\":\"https:\\\/\\\/www.disponic.de\\\/\",\"name\":\"DISPONIC\",\"description\":\"Die Software f\u00fcr Ihren Sicherheitsdienst. Dienstplanung, Personaleinsatzplanung, mobile Zeiterfassung &amp; Wachbuch\\\/WKS f\u00fcr die Sicherheitsbranche.\",\"publisher\":{\"@id\":\"https:\\\/\\\/www.disponic.de\\\/#organization\"},\"potentialAction\":[{\"@type\":\"SearchAction\",\"target\":{\"@type\":\"EntryPoint\",\"urlTemplate\":\"https:\\\/\\\/www.disponic.de\\\/?s={search_term_string}\"},\"query-input\":{\"@type\":\"PropertyValueSpecification\",\"valueRequired\":true,\"valueName\":\"search_term_string\"}}],\"inLanguage\":\"pl-PL\"},{\"@type\":\"Organization\",\"@id\":\"https:\\\/\\\/www.disponic.de\\\/#organization\",\"name\":\"DISPONIC\",\"url\":\"https:\\\/\\\/www.disponic.de\\\/\",\"logo\":{\"@type\":\"ImageObject\",\"inLanguage\":\"pl-PL\",\"@id\":\"https:\\\/\\\/www.disponic.de\\\/#\\\/schema\\\/logo\\\/image\\\/\",\"url\":\"https:\\\/\\\/www.disponic.de\\\/wp-content\\\/uploads\\\/2023\\\/10\\\/DISPONIC-Logo_DE.svg\",\"contentUrl\":\"https:\\\/\\\/www.disponic.de\\\/wp-content\\\/uploads\\\/2023\\\/10\\\/DISPONIC-Logo_DE.svg\",\"caption\":\"DISPONIC\"},\"image\":{\"@id\":\"https:\\\/\\\/www.disponic.de\\\/#\\\/schema\\\/logo\\\/image\\\/\"},\"sameAs\":[\"https:\\\/\\\/de.linkedin.com\\\/company\\\/bite-ag\",\"https:\\\/\\\/www.youtube.com\\\/PadisBiteAG\"]}]}<\/script>\n<!-- \/ Yoast SEO plugin. -->","yoast_head_json":{"title":"Us\u0142ugi - DISPONIC","robots":{"index":"index","follow":"follow","max-snippet":"max-snippet:-1","max-image-preview":"max-image-preview:large","max-video-preview":"max-video-preview:-1"},"canonical":"https:\/\/www.disponic.de\/pl\/uslugi\/","og_locale":"pl_PL","og_type":"article","og_title":"Us\u0142ugi - DISPONIC","og_description":"[vc_row full_width=&#8221;stretch_row&#8221; css=&#8221;.vc_custom_1704977845411{margin-top: -40px !important;padding-top: 20% !important;padding-bottom: 20% !important;background-image: url(https:\/\/disponic.de\/wp-content\/uploads\/2024\/01\/Header_service.jpg?id=525) !important;}&#8221;][vc_column][\/vc_column][\/vc_row][vc_row][vc_column][vc_empty_space][\/vc_column][\/vc_row][vc_row][vc_column][vc_custom_heading text=&#8221;Us\u0142ugi&#8221; font_container=&#8221;tag:h1|text_align:left&#8221; use_theme_fonts=&#8221;yes&#8221;][vc_column_text]Najlepsze przygotowanie do wydajnej pracy dzi\u0119ki idealnemu wsparciu Nasze kompleksowe us\u0142ugi maj\u0105 [&hellip;]","og_url":"https:\/\/www.disponic.de\/pl\/uslugi\/","og_site_name":"DISPONIC","article_modified_time":"2024-04-10T15:20:36+00:00","twitter_card":"summary_large_image","twitter_misc":{"Szacowany czas czytania":"6 minut"},"schema":{"@context":"https:\/\/schema.org","@graph":[{"@type":"WebPage","@id":"https:\/\/www.disponic.de\/pl\/uslugi\/","url":"https:\/\/www.disponic.de\/pl\/uslugi\/","name":"Us\u0142ugi - DISPONIC","isPartOf":{"@id":"https:\/\/www.disponic.de\/#website"},"datePublished":"2023-09-25T13:55:05+00:00","dateModified":"2024-04-10T15:20:36+00:00","breadcrumb":{"@id":"https:\/\/www.disponic.de\/pl\/uslugi\/#breadcrumb"},"inLanguage":"pl-PL","potentialAction":[{"@type":"ReadAction","target":["https:\/\/www.disponic.de\/pl\/uslugi\/"]}]},{"@type":"BreadcrumbList","@id":"https:\/\/www.disponic.de\/pl\/uslugi\/#breadcrumb","itemListElement":[{"@type":"ListItem","position":1,"name":"Startseite","item":"https:\/\/www.disponic.de\/pl\/"},{"@type":"ListItem","position":2,"name":"Us\u0142ugi"}]},{"@type":"WebSite","@id":"https:\/\/www.disponic.de\/#website","url":"https:\/\/www.disponic.de\/","name":"DISPONIC","description":"Die Software f\u00fcr Ihren Sicherheitsdienst. Dienstplanung, Personaleinsatzplanung, mobile Zeiterfassung &amp; Wachbuch\/WKS f\u00fcr die Sicherheitsbranche.","publisher":{"@id":"https:\/\/www.disponic.de\/#organization"},"potentialAction":[{"@type":"SearchAction","target":{"@type":"EntryPoint","urlTemplate":"https:\/\/www.disponic.de\/?s={search_term_string}"},"query-input":{"@type":"PropertyValueSpecification","valueRequired":true,"valueName":"search_term_string"}}],"inLanguage":"pl-PL"},{"@type":"Organization","@id":"https:\/\/www.disponic.de\/#organization","name":"DISPONIC","url":"https:\/\/www.disponic.de\/","logo":{"@type":"ImageObject","inLanguage":"pl-PL","@id":"https:\/\/www.disponic.de\/#\/schema\/logo\/image\/","url":"https:\/\/www.disponic.de\/wp-content\/uploads\/2023\/10\/DISPONIC-Logo_DE.svg","contentUrl":"https:\/\/www.disponic.de\/wp-content\/uploads\/2023\/10\/DISPONIC-Logo_DE.svg","caption":"DISPONIC"},"image":{"@id":"https:\/\/www.disponic.de\/#\/schema\/logo\/image\/"},"sameAs":["https:\/\/de.linkedin.com\/company\/bite-ag","https:\/\/www.youtube.com\/PadisBiteAG"]}]}},"_links":{"self":[{"href":"https:\/\/www.disponic.de\/pl\/wp-json\/wp\/v2\/pages\/22303","targetHints":{"allow":["GET"]}}],"collection":[{"href":"https:\/\/www.disponic.de\/pl\/wp-json\/wp\/v2\/pages"}],"about":[{"href":"https:\/\/www.disponic.de\/pl\/wp-json\/wp\/v2\/types\/page"}],"author":[{"embeddable":true,"href":"https:\/\/www.disponic.de\/pl\/wp-json\/wp\/v2\/users\/1"}],"replies":[{"embeddable":true,"href":"https:\/\/www.disponic.de\/pl\/wp-json\/wp\/v2\/comments?post=22303"}],"version-history":[{"count":20,"href":"https:\/\/www.disponic.de\/pl\/wp-json\/wp\/v2\/pages\/22303\/revisions"}],"predecessor-version":[{"id":22533,"href":"https:\/\/www.disponic.de\/pl\/wp-json\/wp\/v2\/pages\/22303\/revisions\/22533"}],"wp:attachment":[{"href":"https:\/\/www.disponic.de\/pl\/wp-json\/wp\/v2\/media?parent=22303"}],"curies":[{"name":"wp","href":"https:\/\/api.w.org\/{rel}","templated":true}]}}