{"id":22306,"date":"2023-10-06T15:09:10","date_gmt":"2023-10-06T13:09:10","guid":{"rendered":"https:\/\/www.disponic.de\/uslugi\/kursy-szkoleniowe\/"},"modified":"2024-04-11T15:05:55","modified_gmt":"2024-04-11T13:05:55","slug":"kursy-szkoleniowe","status":"publish","type":"page","link":"https:\/\/www.disponic.de\/pl\/uslugi\/kursy-szkoleniowe\/","title":{"rendered":"Szkolenia"},"content":{"rendered":"<div class=\"wpb-content-wrapper\"><p>[vc_row full_width=&#8221;stretch_row&#8221; css=&#8221;.vc_custom_1704977932449{margin-top: -40px !important;padding-top: 20% !important;padding-bottom: 20% !important;background-image: url(https:\/\/disponic.de\/wp-content\/uploads\/2024\/01\/Header_service_schulung.jpg?id=532) !important;}&#8221;][vc_column][\/vc_column][\/vc_row][vc_row][vc_column][vc_empty_space][\/vc_column][\/vc_row][vc_row][vc_column][vc_custom_heading text=&#8221;Szkolenia&#8221; font_container=&#8221;tag:h1|text_align:left&#8221; use_theme_fonts=&#8221;yes&#8221;][vc_column_text]Aby w pe\u0142ni wykorzysta\u0107 potencja\u0142 naszego oprogramowania i zwi\u0105zane z nim korzy\u015bci, przywi\u0105zujemy du\u017c\u0105 wag\u0119 do szkolenia pracownik\u00f3w. Nasze oferty szkoleniowe s\u0105 indywidualnie dostosowywane do wielko\u015bci firmy. Zar\u00f3wno zdalnie, jak i na miejscu, przeprowadzimy Ci\u0119 przez r\u00f3\u017cne etapy pracy i zapewnimy u\u017cytkownikom wsparcie.<\/p>\n<p>Po uko\u0144czeniu szkole\u0144 oferujemy mo\u017cliwo\u015b\u0107 bezpo\u015bredniego kontaktu z naszymi kompetentnymi osobami kontaktowymi za po\u015brednictwem naszego numeru infolinii w ramach naszej umowy hotline. Oznacza to, \u017ce otwarte pytania mo\u017cna szybko wyja\u015bni\u0107 i skutecznie zastosowa\u0107 zdobyt\u0105 wiedz\u0119 w codziennej pracy.<\/p>\n<p>Odkryj z nami korzy\u015bci p\u0142yn\u0105ce z profesjonalnego wprowadzenia rozwi\u0105za\u0144 programowych &#8211; spersonalizowanych, indywidualnych i dostosowanych do potrzeb Twojej firmy.[\/vc_column_text][\/vc_column][\/vc_row][vc_row][vc_column][vc_empty_space][\/vc_column][\/vc_row]<\/p>\n<\/div>","protected":false},"excerpt":{"rendered":"<p>[vc_row full_width=&#8221;stretch_row&#8221; css=&#8221;.vc_custom_1704977932449{margin-top: -40px !important;padding-top: 20% !important;padding-bottom: 20% !important;background-image: url(https:\/\/disponic.de\/wp-content\/uploads\/2024\/01\/Header_service_schulung.jpg?id=532) !important;}&#8221;][vc_column][\/vc_column][\/vc_row][vc_row][vc_column][vc_empty_space][\/vc_column][\/vc_row][vc_row][vc_column][vc_custom_heading text=&#8221;Szkolenia&#8221; font_container=&#8221;tag:h1|text_align:left&#8221; use_theme_fonts=&#8221;yes&#8221;][vc_column_text]Aby w pe\u0142ni wykorzysta\u0107 potencja\u0142 naszego oprogramowania i zwi\u0105zane z nim korzy\u015bci, [&hellip;]<\/p>\n","protected":false},"author":1,"featured_media":0,"parent":22303,"menu_order":0,"comment_status":"closed","ping_status":"closed","template":"","meta":{"_acf_changed":false,"footnotes":""},"class_list":["post-22306","page","type-page","status-publish","hentry","wpbf-post"],"acf":[],"yoast_head":"<!-- This site is optimized with the Yoast SEO plugin v27.4 - https:\/\/yoast.com\/product\/yoast-seo-wordpress\/ -->\n<title>Szkolenia - DISPONIC<\/title>\n<meta name=\"robots\" content=\"index, follow, max-snippet:-1, max-image-preview:large, max-video-preview:-1\" \/>\n<link rel=\"canonical\" href=\"https:\/\/www.disponic.de\/pl\/uslugi\/kursy-szkoleniowe\/\" \/>\n<meta property=\"og:locale\" content=\"pl_PL\" \/>\n<meta property=\"og:type\" content=\"article\" \/>\n<meta property=\"og:title\" content=\"Szkolenia - DISPONIC\" \/>\n<meta property=\"og:description\" content=\"[vc_row full_width=&#8221;stretch_row&#8221; css=&#8221;.vc_custom_1704977932449{margin-top: -40px !important;padding-top: 20% !important;padding-bottom: 20% !important;background-image: url(https:\/\/disponic.de\/wp-content\/uploads\/2024\/01\/Header_service_schulung.jpg?id=532) !important;}&#8221;][vc_column][\/vc_column][\/vc_row][vc_row][vc_column][vc_empty_space][\/vc_column][\/vc_row][vc_row][vc_column][vc_custom_heading text=&#8221;Szkolenia&#8221; font_container=&#8221;tag:h1|text_align:left&#8221; use_theme_fonts=&#8221;yes&#8221;][vc_column_text]Aby w pe\u0142ni wykorzysta\u0107 potencja\u0142 naszego oprogramowania i zwi\u0105zane z nim korzy\u015bci, [&hellip;]\" \/>\n<meta property=\"og:url\" content=\"https:\/\/www.disponic.de\/pl\/uslugi\/kursy-szkoleniowe\/\" \/>\n<meta property=\"og:site_name\" content=\"DISPONIC\" \/>\n<meta property=\"article:modified_time\" content=\"2024-04-11T13:05:55+00:00\" \/>\n<meta name=\"twitter:card\" content=\"summary_large_image\" \/>\n<meta name=\"twitter:label1\" content=\"Szacowany czas czytania\" \/>\n\t<meta name=\"twitter:data1\" content=\"1 minuta\" \/>\n<script type=\"application\/ld+json\" class=\"yoast-schema-graph\">{\"@context\":\"https:\\\/\\\/schema.org\",\"@graph\":[{\"@type\":\"WebPage\",\"@id\":\"https:\\\/\\\/www.disponic.de\\\/pl\\\/uslugi\\\/kursy-szkoleniowe\\\/\",\"url\":\"https:\\\/\\\/www.disponic.de\\\/pl\\\/uslugi\\\/kursy-szkoleniowe\\\/\",\"name\":\"Szkolenia - DISPONIC\",\"isPartOf\":{\"@id\":\"https:\\\/\\\/www.disponic.de\\\/#website\"},\"datePublished\":\"2023-10-06T13:09:10+00:00\",\"dateModified\":\"2024-04-11T13:05:55+00:00\",\"breadcrumb\":{\"@id\":\"https:\\\/\\\/www.disponic.de\\\/pl\\\/uslugi\\\/kursy-szkoleniowe\\\/#breadcrumb\"},\"inLanguage\":\"pl-PL\",\"potentialAction\":[{\"@type\":\"ReadAction\",\"target\":[\"https:\\\/\\\/www.disponic.de\\\/pl\\\/uslugi\\\/kursy-szkoleniowe\\\/\"]}]},{\"@type\":\"BreadcrumbList\",\"@id\":\"https:\\\/\\\/www.disponic.de\\\/pl\\\/uslugi\\\/kursy-szkoleniowe\\\/#breadcrumb\",\"itemListElement\":[{\"@type\":\"ListItem\",\"position\":1,\"name\":\"Startseite\",\"item\":\"https:\\\/\\\/www.disponic.de\\\/pl\\\/\"},{\"@type\":\"ListItem\",\"position\":2,\"name\":\"Us\u0142ugi\",\"item\":\"https:\\\/\\\/www.disponic.de\\\/pl\\\/uslugi\\\/\"},{\"@type\":\"ListItem\",\"position\":3,\"name\":\"Szkolenia\"}]},{\"@type\":\"WebSite\",\"@id\":\"https:\\\/\\\/www.disponic.de\\\/#website\",\"url\":\"https:\\\/\\\/www.disponic.de\\\/\",\"name\":\"DISPONIC\",\"description\":\"Die Software f\u00fcr Ihren Sicherheitsdienst. Dienstplanung, Personaleinsatzplanung, mobile Zeiterfassung &amp; Wachbuch\\\/WKS f\u00fcr die Sicherheitsbranche.\",\"publisher\":{\"@id\":\"https:\\\/\\\/www.disponic.de\\\/#organization\"},\"potentialAction\":[{\"@type\":\"SearchAction\",\"target\":{\"@type\":\"EntryPoint\",\"urlTemplate\":\"https:\\\/\\\/www.disponic.de\\\/?s={search_term_string}\"},\"query-input\":{\"@type\":\"PropertyValueSpecification\",\"valueRequired\":true,\"valueName\":\"search_term_string\"}}],\"inLanguage\":\"pl-PL\"},{\"@type\":\"Organization\",\"@id\":\"https:\\\/\\\/www.disponic.de\\\/#organization\",\"name\":\"DISPONIC\",\"url\":\"https:\\\/\\\/www.disponic.de\\\/\",\"logo\":{\"@type\":\"ImageObject\",\"inLanguage\":\"pl-PL\",\"@id\":\"https:\\\/\\\/www.disponic.de\\\/#\\\/schema\\\/logo\\\/image\\\/\",\"url\":\"https:\\\/\\\/www.disponic.de\\\/wp-content\\\/uploads\\\/2023\\\/10\\\/DISPONIC-Logo_DE.svg\",\"contentUrl\":\"https:\\\/\\\/www.disponic.de\\\/wp-content\\\/uploads\\\/2023\\\/10\\\/DISPONIC-Logo_DE.svg\",\"caption\":\"DISPONIC\"},\"image\":{\"@id\":\"https:\\\/\\\/www.disponic.de\\\/#\\\/schema\\\/logo\\\/image\\\/\"},\"sameAs\":[\"https:\\\/\\\/de.linkedin.com\\\/company\\\/bite-ag\",\"https:\\\/\\\/www.youtube.com\\\/PadisBiteAG\"]}]}<\/script>\n<!-- \/ Yoast SEO plugin. -->","yoast_head_json":{"title":"Szkolenia - DISPONIC","robots":{"index":"index","follow":"follow","max-snippet":"max-snippet:-1","max-image-preview":"max-image-preview:large","max-video-preview":"max-video-preview:-1"},"canonical":"https:\/\/www.disponic.de\/pl\/uslugi\/kursy-szkoleniowe\/","og_locale":"pl_PL","og_type":"article","og_title":"Szkolenia - DISPONIC","og_description":"[vc_row full_width=&#8221;stretch_row&#8221; css=&#8221;.vc_custom_1704977932449{margin-top: -40px !important;padding-top: 20% !important;padding-bottom: 20% !important;background-image: url(https:\/\/disponic.de\/wp-content\/uploads\/2024\/01\/Header_service_schulung.jpg?id=532) !important;}&#8221;][vc_column][\/vc_column][\/vc_row][vc_row][vc_column][vc_empty_space][\/vc_column][\/vc_row][vc_row][vc_column][vc_custom_heading text=&#8221;Szkolenia&#8221; font_container=&#8221;tag:h1|text_align:left&#8221; use_theme_fonts=&#8221;yes&#8221;][vc_column_text]Aby w pe\u0142ni wykorzysta\u0107 potencja\u0142 naszego oprogramowania i zwi\u0105zane z nim korzy\u015bci, [&hellip;]","og_url":"https:\/\/www.disponic.de\/pl\/uslugi\/kursy-szkoleniowe\/","og_site_name":"DISPONIC","article_modified_time":"2024-04-11T13:05:55+00:00","twitter_card":"summary_large_image","twitter_misc":{"Szacowany czas czytania":"1 minuta"},"schema":{"@context":"https:\/\/schema.org","@graph":[{"@type":"WebPage","@id":"https:\/\/www.disponic.de\/pl\/uslugi\/kursy-szkoleniowe\/","url":"https:\/\/www.disponic.de\/pl\/uslugi\/kursy-szkoleniowe\/","name":"Szkolenia - DISPONIC","isPartOf":{"@id":"https:\/\/www.disponic.de\/#website"},"datePublished":"2023-10-06T13:09:10+00:00","dateModified":"2024-04-11T13:05:55+00:00","breadcrumb":{"@id":"https:\/\/www.disponic.de\/pl\/uslugi\/kursy-szkoleniowe\/#breadcrumb"},"inLanguage":"pl-PL","potentialAction":[{"@type":"ReadAction","target":["https:\/\/www.disponic.de\/pl\/uslugi\/kursy-szkoleniowe\/"]}]},{"@type":"BreadcrumbList","@id":"https:\/\/www.disponic.de\/pl\/uslugi\/kursy-szkoleniowe\/#breadcrumb","itemListElement":[{"@type":"ListItem","position":1,"name":"Startseite","item":"https:\/\/www.disponic.de\/pl\/"},{"@type":"ListItem","position":2,"name":"Us\u0142ugi","item":"https:\/\/www.disponic.de\/pl\/uslugi\/"},{"@type":"ListItem","position":3,"name":"Szkolenia"}]},{"@type":"WebSite","@id":"https:\/\/www.disponic.de\/#website","url":"https:\/\/www.disponic.de\/","name":"DISPONIC","description":"Die Software f\u00fcr Ihren Sicherheitsdienst. Dienstplanung, Personaleinsatzplanung, mobile Zeiterfassung &amp; Wachbuch\/WKS f\u00fcr die Sicherheitsbranche.","publisher":{"@id":"https:\/\/www.disponic.de\/#organization"},"potentialAction":[{"@type":"SearchAction","target":{"@type":"EntryPoint","urlTemplate":"https:\/\/www.disponic.de\/?s={search_term_string}"},"query-input":{"@type":"PropertyValueSpecification","valueRequired":true,"valueName":"search_term_string"}}],"inLanguage":"pl-PL"},{"@type":"Organization","@id":"https:\/\/www.disponic.de\/#organization","name":"DISPONIC","url":"https:\/\/www.disponic.de\/","logo":{"@type":"ImageObject","inLanguage":"pl-PL","@id":"https:\/\/www.disponic.de\/#\/schema\/logo\/image\/","url":"https:\/\/www.disponic.de\/wp-content\/uploads\/2023\/10\/DISPONIC-Logo_DE.svg","contentUrl":"https:\/\/www.disponic.de\/wp-content\/uploads\/2023\/10\/DISPONIC-Logo_DE.svg","caption":"DISPONIC"},"image":{"@id":"https:\/\/www.disponic.de\/#\/schema\/logo\/image\/"},"sameAs":["https:\/\/de.linkedin.com\/company\/bite-ag","https:\/\/www.youtube.com\/PadisBiteAG"]}]}},"_links":{"self":[{"href":"https:\/\/www.disponic.de\/pl\/wp-json\/wp\/v2\/pages\/22306","targetHints":{"allow":["GET"]}}],"collection":[{"href":"https:\/\/www.disponic.de\/pl\/wp-json\/wp\/v2\/pages"}],"about":[{"href":"https:\/\/www.disponic.de\/pl\/wp-json\/wp\/v2\/types\/page"}],"author":[{"embeddable":true,"href":"https:\/\/www.disponic.de\/pl\/wp-json\/wp\/v2\/users\/1"}],"replies":[{"embeddable":true,"href":"https:\/\/www.disponic.de\/pl\/wp-json\/wp\/v2\/comments?post=22306"}],"version-history":[{"count":4,"href":"https:\/\/www.disponic.de\/pl\/wp-json\/wp\/v2\/pages\/22306\/revisions"}],"predecessor-version":[{"id":22563,"href":"https:\/\/www.disponic.de\/pl\/wp-json\/wp\/v2\/pages\/22306\/revisions\/22563"}],"up":[{"embeddable":true,"href":"https:\/\/www.disponic.de\/pl\/wp-json\/wp\/v2\/pages\/22303"}],"wp:attachment":[{"href":"https:\/\/www.disponic.de\/pl\/wp-json\/wp\/v2\/media?parent=22306"}],"curies":[{"name":"wp","href":"https:\/\/api.w.org\/{rel}","templated":true}]}}