{"id":22307,"date":"2024-01-11T16:14:47","date_gmt":"2024-01-11T15:14:47","guid":{"rendered":"https:\/\/www.disponic.de\/firma-ochroniarska\/"},"modified":"2024-04-11T15:29:08","modified_gmt":"2024-04-11T13:29:08","slug":"firma-ochroniarska","status":"publish","type":"page","link":"https:\/\/www.disponic.de\/pl\/wiedza-specjalistyczna\/firma-ochroniarska\/","title":{"rendered":"Agencja ochrony"},"content":{"rendered":"<div class=\"wpb-content-wrapper\"><p>[vc_row full_width=&#8221;stretch_row&#8221; css=&#8221;.vc_custom_1706185053448{margin-top: -40px !important;padding-top: 20% !important;padding-bottom: 20% !important;background-image: url(https:\/\/disponic.de\/wp-content\/uploads\/2024\/01\/Header_Sicherheitsunternehmen.jpg?id=621) !important;background-position: center !important;background-repeat: no-repeat !important;background-size: cover !important;}&#8221;][vc_column][\/vc_column][\/vc_row][vc_row][vc_column][vc_empty_space][\/vc_column][\/vc_row][vc_row][vc_column][vc_custom_heading text=&#8221;Agencja ochrony&#8221; font_container=&#8221;tag:h1|text_align:left&#8221; use_theme_fonts=&#8221;yes&#8221;][vc_column_text]<strong>SZYBKO &#8211; PRZEJRZY\u015aCIE &#8211; ELASTYCZNIE<\/strong><\/p>\n<p>Czas ma kluczowe znaczenie w wymagaj\u0105cym codziennym \u017cyciu firm ochroniarskich, gdzie trzeba koordynowa\u0107 prac\u0119 du\u017cej liczby pracownik\u00f3w. DISPONIC oferuje oprogramowanie, kt\u00f3re jest nie tylko szybkie, przejrzyste i elastyczne, ale tak\u017ce optymalizuje codzienne procesy.<\/p>\n<p>DISPONIC umo\u017cliwia szybkie i precyzyjne planowanie personelu. Zautomatyzowane procesy i zdefiniowane kwalifikacje pozwalaj\u0105 zaoszcz\u0119dzi\u0107 do 80% codziennego czasu. Skoncentruj si\u0119 na tym, co najwa\u017cniejsze &#8211; na swoich klientach i sprawnej organizacji pracy pracownik\u00f3w ochrony.<\/p>\n<p>Oprogramowanie oferuje przejrzysty i intuicyjny interfejs u\u017cytkownika, kt\u00f3ry zapewnia kompleksowy przegl\u0105d zarz\u0105dzania zasobami ludzkimi. \u0141atwe zarz\u0105dzanie grafikami dy\u017cur\u00f3w, kwalifikacjami i danymi pracownik\u00f3w w scentralizowanym systemie.<\/p>\n<p>Wymagania w bran\u017cy bezpiecze\u0144stwa stale si\u0119 zmieniaj\u0105. DISPONIC pozostaje elastyczny i dostosowuje si\u0119 do bie\u017c\u0105cych zmian poprzez ci\u0105g\u0142e aktualizacje. Dzi\u0119ki naszemu cz\u0142onkostwu w BDSW i BVMS zawsze korzystasz z najnowszej wiedzy bran\u017cowej bez konieczno\u015bci samodzielnego zajmowania si\u0119 ni\u0105.<\/p>\n<p>Odkryj z DISPONIC, jak mo\u017cesz nie tylko zaoszcz\u0119dzi\u0107 czas, ale tak\u017ce osi\u0105gn\u0105\u0107 zoptymalizowane i wydajne planowanie personelu.[\/vc_column_text][\/vc_column][\/vc_row][vc_row][vc_column][vc_empty_space][\/vc_column][\/vc_row]<\/p>\n<\/div>","protected":false},"excerpt":{"rendered":"<p>[vc_row full_width=&#8221;stretch_row&#8221; css=&#8221;.vc_custom_1706185053448{margin-top: -40px !important;padding-top: 20% !important;padding-bottom: 20% !important;background-image: url(https:\/\/disponic.de\/wp-content\/uploads\/2024\/01\/Header_Sicherheitsunternehmen.jpg?id=621) !important;background-position: center !important;background-repeat: no-repeat !important;background-size: cover !important;}&#8221;][vc_column][\/vc_column][\/vc_row][vc_row][vc_column][vc_empty_space][\/vc_column][\/vc_row][vc_row][vc_column][vc_custom_heading text=&#8221;Agencja ochrony&#8221; font_container=&#8221;tag:h1|text_align:left&#8221; use_theme_fonts=&#8221;yes&#8221;][vc_column_text]SZYBKO &#8211; PRZEJRZY\u015aCIE &#8211; ELASTYCZNIE [&hellip;]<\/p>\n","protected":false},"author":1,"featured_media":0,"parent":22333,"menu_order":0,"comment_status":"closed","ping_status":"closed","template":"","meta":{"_acf_changed":false,"footnotes":""},"class_list":["post-22307","page","type-page","status-publish","hentry","wpbf-post"],"acf":[],"yoast_head":"<!-- This site is optimized with the Yoast SEO plugin v27.3 - https:\/\/yoast.com\/product\/yoast-seo-wordpress\/ -->\n<title>Agencja ochrony - DISPONIC<\/title>\n<meta name=\"robots\" content=\"index, follow, max-snippet:-1, max-image-preview:large, max-video-preview:-1\" \/>\n<link rel=\"canonical\" href=\"https:\/\/www.disponic.de\/pl\/wiedza-specjalistyczna\/firma-ochroniarska\/\" \/>\n<meta property=\"og:locale\" content=\"pl_PL\" \/>\n<meta property=\"og:type\" content=\"article\" \/>\n<meta property=\"og:title\" content=\"Agencja ochrony - DISPONIC\" \/>\n<meta property=\"og:description\" content=\"[vc_row full_width=&#8221;stretch_row&#8221; css=&#8221;.vc_custom_1706185053448{margin-top: -40px !important;padding-top: 20% !important;padding-bottom: 20% !important;background-image: url(https:\/\/disponic.de\/wp-content\/uploads\/2024\/01\/Header_Sicherheitsunternehmen.jpg?id=621) !important;background-position: center !important;background-repeat: no-repeat !important;background-size: cover !important;}&#8221;][vc_column][\/vc_column][\/vc_row][vc_row][vc_column][vc_empty_space][\/vc_column][\/vc_row][vc_row][vc_column][vc_custom_heading text=&#8221;Agencja ochrony&#8221; font_container=&#8221;tag:h1|text_align:left&#8221; use_theme_fonts=&#8221;yes&#8221;][vc_column_text]SZYBKO &#8211; PRZEJRZY\u015aCIE &#8211; ELASTYCZNIE [&hellip;]\" \/>\n<meta property=\"og:url\" content=\"https:\/\/www.disponic.de\/pl\/wiedza-specjalistyczna\/firma-ochroniarska\/\" \/>\n<meta property=\"og:site_name\" content=\"DISPONIC\" \/>\n<meta property=\"article:modified_time\" content=\"2024-04-11T13:29:08+00:00\" \/>\n<meta name=\"twitter:card\" content=\"summary_large_image\" \/>\n<meta name=\"twitter:label1\" content=\"Szacowany czas czytania\" \/>\n\t<meta name=\"twitter:data1\" content=\"1 minuta\" \/>\n<script type=\"application\/ld+json\" class=\"yoast-schema-graph\">{\"@context\":\"https:\\\/\\\/schema.org\",\"@graph\":[{\"@type\":\"WebPage\",\"@id\":\"https:\\\/\\\/www.disponic.de\\\/pl\\\/wiedza-specjalistyczna\\\/firma-ochroniarska\\\/\",\"url\":\"https:\\\/\\\/www.disponic.de\\\/pl\\\/wiedza-specjalistyczna\\\/firma-ochroniarska\\\/\",\"name\":\"Agencja ochrony - DISPONIC\",\"isPartOf\":{\"@id\":\"https:\\\/\\\/www.disponic.de\\\/#website\"},\"datePublished\":\"2024-01-11T15:14:47+00:00\",\"dateModified\":\"2024-04-11T13:29:08+00:00\",\"breadcrumb\":{\"@id\":\"https:\\\/\\\/www.disponic.de\\\/pl\\\/wiedza-specjalistyczna\\\/firma-ochroniarska\\\/#breadcrumb\"},\"inLanguage\":\"pl-PL\",\"potentialAction\":[{\"@type\":\"ReadAction\",\"target\":[\"https:\\\/\\\/www.disponic.de\\\/pl\\\/wiedza-specjalistyczna\\\/firma-ochroniarska\\\/\"]}]},{\"@type\":\"BreadcrumbList\",\"@id\":\"https:\\\/\\\/www.disponic.de\\\/pl\\\/wiedza-specjalistyczna\\\/firma-ochroniarska\\\/#breadcrumb\",\"itemListElement\":[{\"@type\":\"ListItem\",\"position\":1,\"name\":\"Startseite\",\"item\":\"https:\\\/\\\/www.disponic.de\\\/pl\\\/\"},{\"@type\":\"ListItem\",\"position\":2,\"name\":\"Kompetencje\",\"item\":\"https:\\\/\\\/www.disponic.de\\\/pl\\\/wiedza-specjalistyczna\\\/\"},{\"@type\":\"ListItem\",\"position\":3,\"name\":\"Agencja ochrony\"}]},{\"@type\":\"WebSite\",\"@id\":\"https:\\\/\\\/www.disponic.de\\\/#website\",\"url\":\"https:\\\/\\\/www.disponic.de\\\/\",\"name\":\"DISPONIC\",\"description\":\"Die Software f\u00fcr Ihren Sicherheitsdienst. Dienstplanung, Personaleinsatzplanung, mobile Zeiterfassung &amp; Wachbuch\\\/WKS f\u00fcr die Sicherheitsbranche.\",\"publisher\":{\"@id\":\"https:\\\/\\\/www.disponic.de\\\/#organization\"},\"potentialAction\":[{\"@type\":\"SearchAction\",\"target\":{\"@type\":\"EntryPoint\",\"urlTemplate\":\"https:\\\/\\\/www.disponic.de\\\/?s={search_term_string}\"},\"query-input\":{\"@type\":\"PropertyValueSpecification\",\"valueRequired\":true,\"valueName\":\"search_term_string\"}}],\"inLanguage\":\"pl-PL\"},{\"@type\":\"Organization\",\"@id\":\"https:\\\/\\\/www.disponic.de\\\/#organization\",\"name\":\"DISPONIC\",\"url\":\"https:\\\/\\\/www.disponic.de\\\/\",\"logo\":{\"@type\":\"ImageObject\",\"inLanguage\":\"pl-PL\",\"@id\":\"https:\\\/\\\/www.disponic.de\\\/#\\\/schema\\\/logo\\\/image\\\/\",\"url\":\"https:\\\/\\\/www.disponic.de\\\/wp-content\\\/uploads\\\/2023\\\/10\\\/DISPONIC-Logo_DE.svg\",\"contentUrl\":\"https:\\\/\\\/www.disponic.de\\\/wp-content\\\/uploads\\\/2023\\\/10\\\/DISPONIC-Logo_DE.svg\",\"caption\":\"DISPONIC\"},\"image\":{\"@id\":\"https:\\\/\\\/www.disponic.de\\\/#\\\/schema\\\/logo\\\/image\\\/\"},\"sameAs\":[\"https:\\\/\\\/de.linkedin.com\\\/company\\\/bite-ag\",\"https:\\\/\\\/www.youtube.com\\\/PadisBiteAG\"]}]}<\/script>\n<!-- \/ Yoast SEO plugin. -->","yoast_head_json":{"title":"Agencja ochrony - DISPONIC","robots":{"index":"index","follow":"follow","max-snippet":"max-snippet:-1","max-image-preview":"max-image-preview:large","max-video-preview":"max-video-preview:-1"},"canonical":"https:\/\/www.disponic.de\/pl\/wiedza-specjalistyczna\/firma-ochroniarska\/","og_locale":"pl_PL","og_type":"article","og_title":"Agencja ochrony - DISPONIC","og_description":"[vc_row full_width=&#8221;stretch_row&#8221; css=&#8221;.vc_custom_1706185053448{margin-top: -40px !important;padding-top: 20% !important;padding-bottom: 20% !important;background-image: url(https:\/\/disponic.de\/wp-content\/uploads\/2024\/01\/Header_Sicherheitsunternehmen.jpg?id=621) !important;background-position: center !important;background-repeat: no-repeat !important;background-size: cover !important;}&#8221;][vc_column][\/vc_column][\/vc_row][vc_row][vc_column][vc_empty_space][\/vc_column][\/vc_row][vc_row][vc_column][vc_custom_heading text=&#8221;Agencja ochrony&#8221; font_container=&#8221;tag:h1|text_align:left&#8221; use_theme_fonts=&#8221;yes&#8221;][vc_column_text]SZYBKO &#8211; PRZEJRZY\u015aCIE &#8211; ELASTYCZNIE [&hellip;]","og_url":"https:\/\/www.disponic.de\/pl\/wiedza-specjalistyczna\/firma-ochroniarska\/","og_site_name":"DISPONIC","article_modified_time":"2024-04-11T13:29:08+00:00","twitter_card":"summary_large_image","twitter_misc":{"Szacowany czas czytania":"1 minuta"},"schema":{"@context":"https:\/\/schema.org","@graph":[{"@type":"WebPage","@id":"https:\/\/www.disponic.de\/pl\/wiedza-specjalistyczna\/firma-ochroniarska\/","url":"https:\/\/www.disponic.de\/pl\/wiedza-specjalistyczna\/firma-ochroniarska\/","name":"Agencja ochrony - DISPONIC","isPartOf":{"@id":"https:\/\/www.disponic.de\/#website"},"datePublished":"2024-01-11T15:14:47+00:00","dateModified":"2024-04-11T13:29:08+00:00","breadcrumb":{"@id":"https:\/\/www.disponic.de\/pl\/wiedza-specjalistyczna\/firma-ochroniarska\/#breadcrumb"},"inLanguage":"pl-PL","potentialAction":[{"@type":"ReadAction","target":["https:\/\/www.disponic.de\/pl\/wiedza-specjalistyczna\/firma-ochroniarska\/"]}]},{"@type":"BreadcrumbList","@id":"https:\/\/www.disponic.de\/pl\/wiedza-specjalistyczna\/firma-ochroniarska\/#breadcrumb","itemListElement":[{"@type":"ListItem","position":1,"name":"Startseite","item":"https:\/\/www.disponic.de\/pl\/"},{"@type":"ListItem","position":2,"name":"Kompetencje","item":"https:\/\/www.disponic.de\/pl\/wiedza-specjalistyczna\/"},{"@type":"ListItem","position":3,"name":"Agencja ochrony"}]},{"@type":"WebSite","@id":"https:\/\/www.disponic.de\/#website","url":"https:\/\/www.disponic.de\/","name":"DISPONIC","description":"Die Software f\u00fcr Ihren Sicherheitsdienst. Dienstplanung, Personaleinsatzplanung, mobile Zeiterfassung &amp; Wachbuch\/WKS f\u00fcr die Sicherheitsbranche.","publisher":{"@id":"https:\/\/www.disponic.de\/#organization"},"potentialAction":[{"@type":"SearchAction","target":{"@type":"EntryPoint","urlTemplate":"https:\/\/www.disponic.de\/?s={search_term_string}"},"query-input":{"@type":"PropertyValueSpecification","valueRequired":true,"valueName":"search_term_string"}}],"inLanguage":"pl-PL"},{"@type":"Organization","@id":"https:\/\/www.disponic.de\/#organization","name":"DISPONIC","url":"https:\/\/www.disponic.de\/","logo":{"@type":"ImageObject","inLanguage":"pl-PL","@id":"https:\/\/www.disponic.de\/#\/schema\/logo\/image\/","url":"https:\/\/www.disponic.de\/wp-content\/uploads\/2023\/10\/DISPONIC-Logo_DE.svg","contentUrl":"https:\/\/www.disponic.de\/wp-content\/uploads\/2023\/10\/DISPONIC-Logo_DE.svg","caption":"DISPONIC"},"image":{"@id":"https:\/\/www.disponic.de\/#\/schema\/logo\/image\/"},"sameAs":["https:\/\/de.linkedin.com\/company\/bite-ag","https:\/\/www.youtube.com\/PadisBiteAG"]}]}},"_links":{"self":[{"href":"https:\/\/www.disponic.de\/pl\/wp-json\/wp\/v2\/pages\/22307","targetHints":{"allow":["GET"]}}],"collection":[{"href":"https:\/\/www.disponic.de\/pl\/wp-json\/wp\/v2\/pages"}],"about":[{"href":"https:\/\/www.disponic.de\/pl\/wp-json\/wp\/v2\/types\/page"}],"author":[{"embeddable":true,"href":"https:\/\/www.disponic.de\/pl\/wp-json\/wp\/v2\/users\/1"}],"replies":[{"embeddable":true,"href":"https:\/\/www.disponic.de\/pl\/wp-json\/wp\/v2\/comments?post=22307"}],"version-history":[{"count":4,"href":"https:\/\/www.disponic.de\/pl\/wp-json\/wp\/v2\/pages\/22307\/revisions"}],"predecessor-version":[{"id":22581,"href":"https:\/\/www.disponic.de\/pl\/wp-json\/wp\/v2\/pages\/22307\/revisions\/22581"}],"up":[{"embeddable":true,"href":"https:\/\/www.disponic.de\/pl\/wp-json\/wp\/v2\/pages\/22333"}],"wp:attachment":[{"href":"https:\/\/www.disponic.de\/pl\/wp-json\/wp\/v2\/media?parent=22307"}],"curies":[{"name":"wp","href":"https:\/\/api.w.org\/{rel}","templated":true}]}}