{"id":22333,"date":"2023-09-25T15:54:55","date_gmt":"2023-09-25T13:54:55","guid":{"rendered":"https:\/\/www.disponic.de\/wiedza-specjalistyczna\/"},"modified":"2024-04-11T15:21:36","modified_gmt":"2024-04-11T13:21:36","slug":"wiedza-specjalistyczna","status":"publish","type":"page","link":"https:\/\/www.disponic.de\/pl\/wiedza-specjalistyczna\/","title":{"rendered":"Kompetencje"},"content":{"rendered":"<div class=\"wpb-content-wrapper\"><p>[vc_row full_width=&#8221;stretch_row&#8221; css=&#8221;.vc_custom_1704977784059{margin-top: -40px !important;padding-top: 20% !important;padding-bottom: 20% !important;background-image: url(https:\/\/disponic.de\/wp-content\/uploads\/2024\/01\/Header_kompetenzen.jpg?id=523) !important;}&#8221;][vc_column][\/vc_column][\/vc_row][vc_row][vc_column][vc_empty_space][\/vc_column][\/vc_row][vc_row][vc_column][vc_custom_heading text=&#8221;Obszary, w kt\u00f3rych si\u0119 specjalizujemy&#8221; font_container=&#8221;tag:h1|text_align:left&#8221; use_theme_fonts=&#8221;yes&#8221;][vc_column_text]W agencjach ochrony (ochrona obiekt\u00f3w, imprez masowych itd.), w s\u0142u\u017cbach ratowniczych, stra\u017cy po\u017carnej oraz w innych firmach z du\u017c\u0105 liczb\u0105 personelu, planowanie i og\u00f3lne zarz\u0105dzanie pracownikami, kt\u00f3rych godziny pracy musz\u0105 zosta\u0107 rozplanowane, jest bardzo czasoch\u0142onne i kosztowne.<\/p>\n<p>Wiele firm nie posiada wystarczaj\u0105cych narz\u0119dzi w obszarze planowania personelu, co oznacza, \u017ce informacje s\u0105 cz\u0119sto tracone, docieraj\u0105 do odbiorcy zbyt p\u00f3\u017ano lub ich dotarcie do pracownik\u00f3w jest utrudnione.<\/p>\n<p>Czy co chwila zdarza si\u0119, \u017ce harmonogramy dy\u017cur\u00f3w si\u0119 pokrywaj\u0105? Czy rozplanowujesz pracownik\u00f3w, kt\u00f3rzy s\u0105 na urlopie lub na zwolnieniu lekarskim? Czy s\u0105 jakie\u015b skargi w przypadku przekroczenia limitu godzinowego?<\/p>\n<p>Wiele pyta\u0144 &#8211; jedna odpowied\u017a: DISPONIC Profesjonalne planowanie dy\u017cur\u00f3w[\/vc_column_text][\/vc_column][\/vc_row][vc_row][vc_column][vc_empty_space][\/vc_column][\/vc_row][vc_row full_width=&#8221;stretch_row&#8221; css=&#8221;.vc_custom_1696255033424{padding-top: 3% !important;padding-bottom: 3% !important;background-color: #f5f5f5 !important;}&#8221;][vc_column][vc_row_inner gap=&#8221;35&#8243; el_class=&#8221;grey_box&#8221;][vc_column_inner width=&#8221;2\/3&#8243;][vc_custom_heading text=&#8221;Grafik dy\u017cur\u00f3w dla firm ochroniarskich&#8221; font_container=&#8221;tag:h3|text_align:left&#8221; use_theme_fonts=&#8221;yes&#8221;][vc_empty_space][vc_column_text]Czas ma kluczowe znaczenie w wymagaj\u0105cej codzienno\u015bci agencji ochrony, gdzie trzeba koordynowa\u0107 prac\u0119 du\u017cej liczby pracownik\u00f3w. DISPONIC oferuje oprogramowanie, kt\u00f3re jest nie tylko szybkie, przejrzyste i elastyczne, ale tak\u017ce optymalizuje codzienne procesy.[\/vc_column_text][vc_btn title=&#8221;Wi\u0119cej informacji&#8221; style=&#8221;flat&#8221; shape=&#8221;square&#8221; color=&#8221;white&#8221; align=&#8221;left&#8221; link=&#8221;url:https%3A%2F%2Fdisponic.de%2Fkompetenzen%2Fsicherheitsunternehmen%2F|title:Zarejestruj%20si%C4%99%20teraz|&#8221; css=&#8221;.vc_custom_1705939190858{margin-bottom: 0px !important;}&#8221; el_class=&#8221;btn_yellow&#8221;][\/vc_column_inner][vc_column_inner width=&#8221;1\/3&#8243;][vc_single_image image=&#8221;629&#8243; img_size=&#8221;full&#8221; alignment=&#8221;center&#8221;][\/vc_column_inner][\/vc_row_inner][\/vc_column][\/vc_row][vc_row][vc_column][vc_empty_space height=&#8221;12px&#8221;][\/vc_column][\/vc_row][vc_row full_width=&#8221;stretch_row&#8221; css=&#8221;.vc_custom_1697185834878{padding-top: 3% !important;padding-bottom: 3% !important;}&#8221;][vc_column][vc_row_inner gap=&#8221;35&#8243; el_class=&#8221;grey_box&#8221;][vc_column_inner width=&#8221;2\/3&#8243;][vc_custom_heading text=&#8221;Planowanie dy\u017cur\u00f3w w obszarze ochrony imprez masowych&#8221; font_container=&#8221;tag:h3|text_align:left&#8221; use_theme_fonts=&#8221;yes&#8221;][vc_empty_space][vc_column_text]Elastyczno\u015b\u0107 i przegl\u0105d ca\u0142ego wydarzenia maj\u0105 ogromne znaczenie w planowaniu wydarze\u0144. DISPONIC pokazuje, czy wszystkie postarunki s\u0105 obsadzone i czy wszyscy pracownicy maj\u0105 wymagane kwalifikacje.[\/vc_column_text][vc_btn title=&#8221;Wi\u0119cej informacji&#8221; style=&#8221;flat&#8221; shape=&#8221;square&#8221; color=&#8221;white&#8221; align=&#8221;left&#8221; link=&#8221;url:https%3A%2F%2Fdisponic.de%2Fkompetenzen%2Fveranstaltungsschutz%2F|title:Zarejestruj%20si%C4%99%20teraz|&#8221; css=&#8221;.vc_custom_1696598879290{margin-bottom: 0px !important;}&#8221; el_class=&#8221;btn_yellow&#8221;][\/vc_column_inner][vc_column_inner width=&#8221;1\/3&#8243;][vc_single_image image=&#8221;630&#8243; img_size=&#8221;full&#8221; alignment=&#8221;center&#8221;][\/vc_column_inner][\/vc_row_inner][\/vc_column][\/vc_row][vc_row][vc_column][vc_empty_space height=&#8221;12px&#8221;][\/vc_column][\/vc_row][vc_row full_width=&#8221;stretch_row&#8221; css=&#8221;.vc_custom_1696255033424{padding-top: 3% !important;padding-bottom: 3% !important;background-color: #f5f5f5 !important;}&#8221;][vc_column][vc_row_inner gap=&#8221;35&#8243; el_class=&#8221;grey_box&#8221;][vc_column_inner width=&#8221;2\/3&#8243;][vc_custom_heading text=&#8221;Planowanie dy\u017cur\u00f3w dla s\u0142u\u017cb ratunkowych&#8221; font_container=&#8221;tag:h3|text_align:left&#8221; use_theme_fonts=&#8221;yes&#8221;][vc_empty_space][vc_column_text]Planowanie i niezawodno\u015b\u0107 s\u0105 niezb\u0119dne w dziedzinie us\u0142ug ratunkowych. Us\u0142ugi pierwszej pomocy na koncertach, targach lub du\u017cych imprezach, takich jak Oktoberfest, musz\u0105 by\u0107 \u015bwiadczone zgodnie z zam\u00f3wieniem Klienta.[\/vc_column_text][vc_btn title=&#8221;Wi\u0119cej informacji&#8221; style=&#8221;flat&#8221; shape=&#8221;square&#8221; color=&#8221;white&#8221; align=&#8221;left&#8221; link=&#8221;url:https%3A%2F%2Fdisponic.de%2Fkompetenzen%2Frettungsdienste%2F|title:Zarejestruj%20si%C4%99%20teraz|&#8221; css=&#8221;.vc_custom_1705939100013{margin-bottom: 0px !important;}&#8221; el_class=&#8221;btn_yellow&#8221;][\/vc_column_inner][vc_column_inner width=&#8221;1\/3&#8243;][vc_single_image image=&#8221;628&#8243; img_size=&#8221;full&#8221; alignment=&#8221;center&#8221;][\/vc_column_inner][\/vc_row_inner][\/vc_column][\/vc_row][vc_row][vc_column][vc_empty_space height=&#8221;12px&#8221;][\/vc_column][\/vc_row][vc_row full_width=&#8221;stretch_row&#8221; disable_element=&#8221;yes&#8221; css=&#8221;.vc_custom_1705055538386{padding-top: 3% !important;padding-bottom: 3% !important;}&#8221;][vc_column][vc_row_inner content_placement=&#8221;middle&#8221; gap=&#8221;35&#8243; el_class=&#8221;grey_box&#8221;][vc_column_inner width=&#8221;2\/3&#8243;][vc_custom_heading text=&#8221;Planowanie obowi\u0105zk\u00f3w dla lotnictwa&#8221; font_container=&#8221;tag:h3|text_align:left&#8221; use_theme_fonts=&#8221;yes&#8221;][vc_empty_space][vc_column_text]Lorem ipsum dolor sit amet, consetetur sadipscing elitr, sed diam nonumy eirmod tempor invidunt ut labore et dolore magna aliquyam erat, sed diam voluptua. At vero eos et accusam et justo duo dolores et ea rebum. Stet clita kasd gubergren, no sea takaata sanctus est Lorem ipsum dolor sit amet. Lorem ipsum dolor sit amet, consetetur sadipscing elitr, sed diam nonumy eirmod tempor invidunt ut labore et dolore magna aliquyam erat, sed diam voluptua. At vero eos et accusam et justo duo dolores et ea rebum. Stet clita kasd gubergren, no sea takaata sanctus est Lorem ipsum dolor sit amet.[\/vc_column_text][vc_btn title=&#8221;Wi\u0119cej informacji&#8221; style=&#8221;flat&#8221; shape=&#8221;square&#8221; color=&#8221;white&#8221; align=&#8221;left&#8221; link=&#8221;url:https%3A%2F%2Fdisponic.de%2Fkompetenzen%2Fbahnsicherung%2F|title:Zarejestruj%20si%C4%99%20teraz|&#8221; css=&#8221;.vc_custom_1696598897622{margin-bottom: 0px !important;}&#8221; el_class=&#8221;btn_yellow&#8221;][\/vc_column_inner][vc_column_inner width=&#8221;1\/3&#8243;][vc_single_image image=&#8221;168&#8243; img_size=&#8221;full&#8221; alignment=&#8221;center&#8221;][\/vc_column_inner][\/vc_row_inner][\/vc_column][\/vc_row]<\/p>\n<\/div>","protected":false},"excerpt":{"rendered":"<p>[vc_row full_width=&#8221;stretch_row&#8221; css=&#8221;.vc_custom_1704977784059{margin-top: -40px !important;padding-top: 20% !important;padding-bottom: 20% !important;background-image: url(https:\/\/disponic.de\/wp-content\/uploads\/2024\/01\/Header_kompetenzen.jpg?id=523) !important;}&#8221;][vc_column][\/vc_column][\/vc_row][vc_row][vc_column][vc_empty_space][\/vc_column][\/vc_row][vc_row][vc_column][vc_custom_heading text=&#8221;Obszary, w kt\u00f3rych si\u0119 specjalizujemy&#8221; font_container=&#8221;tag:h1|text_align:left&#8221; use_theme_fonts=&#8221;yes&#8221;][vc_column_text]W agencjach ochrony (ochrona obiekt\u00f3w, imprez masowych itd.), [&hellip;]<\/p>\n","protected":false},"author":1,"featured_media":0,"parent":0,"menu_order":0,"comment_status":"closed","ping_status":"closed","template":"","meta":{"_acf_changed":false,"footnotes":""},"class_list":["post-22333","page","type-page","status-publish","hentry","wpbf-post"],"acf":[],"yoast_head":"<!-- This site is optimized with the Yoast SEO plugin v27.4 - https:\/\/yoast.com\/product\/yoast-seo-wordpress\/ -->\n<title>Kompetencje - DISPONIC<\/title>\n<meta name=\"robots\" content=\"index, follow, max-snippet:-1, max-image-preview:large, max-video-preview:-1\" \/>\n<link rel=\"canonical\" href=\"https:\/\/www.disponic.de\/pl\/wiedza-specjalistyczna\/\" \/>\n<meta property=\"og:locale\" content=\"pl_PL\" \/>\n<meta property=\"og:type\" content=\"article\" \/>\n<meta property=\"og:title\" content=\"Kompetencje - DISPONIC\" \/>\n<meta property=\"og:description\" content=\"[vc_row full_width=&#8221;stretch_row&#8221; css=&#8221;.vc_custom_1704977784059{margin-top: -40px !important;padding-top: 20% !important;padding-bottom: 20% !important;background-image: url(https:\/\/disponic.de\/wp-content\/uploads\/2024\/01\/Header_kompetenzen.jpg?id=523) !important;}&#8221;][vc_column][\/vc_column][\/vc_row][vc_row][vc_column][vc_empty_space][\/vc_column][\/vc_row][vc_row][vc_column][vc_custom_heading text=&#8221;Obszary, w kt\u00f3rych si\u0119 specjalizujemy&#8221; font_container=&#8221;tag:h1|text_align:left&#8221; use_theme_fonts=&#8221;yes&#8221;][vc_column_text]W agencjach ochrony (ochrona obiekt\u00f3w, imprez masowych itd.), [&hellip;]\" \/>\n<meta property=\"og:url\" content=\"https:\/\/www.disponic.de\/pl\/wiedza-specjalistyczna\/\" \/>\n<meta property=\"og:site_name\" content=\"DISPONIC\" \/>\n<meta property=\"article:modified_time\" content=\"2024-04-11T13:21:36+00:00\" \/>\n<meta name=\"twitter:card\" content=\"summary_large_image\" \/>\n<meta name=\"twitter:label1\" content=\"Szacowany czas czytania\" \/>\n\t<meta name=\"twitter:data1\" content=\"5 minut\" \/>\n<script type=\"application\/ld+json\" class=\"yoast-schema-graph\">{\"@context\":\"https:\\\/\\\/schema.org\",\"@graph\":[{\"@type\":\"WebPage\",\"@id\":\"https:\\\/\\\/www.disponic.de\\\/pl\\\/wiedza-specjalistyczna\\\/\",\"url\":\"https:\\\/\\\/www.disponic.de\\\/pl\\\/wiedza-specjalistyczna\\\/\",\"name\":\"Kompetencje - DISPONIC\",\"isPartOf\":{\"@id\":\"https:\\\/\\\/www.disponic.de\\\/#website\"},\"datePublished\":\"2023-09-25T13:54:55+00:00\",\"dateModified\":\"2024-04-11T13:21:36+00:00\",\"breadcrumb\":{\"@id\":\"https:\\\/\\\/www.disponic.de\\\/pl\\\/wiedza-specjalistyczna\\\/#breadcrumb\"},\"inLanguage\":\"pl-PL\",\"potentialAction\":[{\"@type\":\"ReadAction\",\"target\":[\"https:\\\/\\\/www.disponic.de\\\/pl\\\/wiedza-specjalistyczna\\\/\"]}]},{\"@type\":\"BreadcrumbList\",\"@id\":\"https:\\\/\\\/www.disponic.de\\\/pl\\\/wiedza-specjalistyczna\\\/#breadcrumb\",\"itemListElement\":[{\"@type\":\"ListItem\",\"position\":1,\"name\":\"Startseite\",\"item\":\"https:\\\/\\\/www.disponic.de\\\/pl\\\/\"},{\"@type\":\"ListItem\",\"position\":2,\"name\":\"Kompetencje\"}]},{\"@type\":\"WebSite\",\"@id\":\"https:\\\/\\\/www.disponic.de\\\/#website\",\"url\":\"https:\\\/\\\/www.disponic.de\\\/\",\"name\":\"DISPONIC\",\"description\":\"Die Software f\u00fcr Ihren Sicherheitsdienst. Dienstplanung, Personaleinsatzplanung, mobile Zeiterfassung &amp; Wachbuch\\\/WKS f\u00fcr die Sicherheitsbranche.\",\"publisher\":{\"@id\":\"https:\\\/\\\/www.disponic.de\\\/#organization\"},\"potentialAction\":[{\"@type\":\"SearchAction\",\"target\":{\"@type\":\"EntryPoint\",\"urlTemplate\":\"https:\\\/\\\/www.disponic.de\\\/?s={search_term_string}\"},\"query-input\":{\"@type\":\"PropertyValueSpecification\",\"valueRequired\":true,\"valueName\":\"search_term_string\"}}],\"inLanguage\":\"pl-PL\"},{\"@type\":\"Organization\",\"@id\":\"https:\\\/\\\/www.disponic.de\\\/#organization\",\"name\":\"DISPONIC\",\"url\":\"https:\\\/\\\/www.disponic.de\\\/\",\"logo\":{\"@type\":\"ImageObject\",\"inLanguage\":\"pl-PL\",\"@id\":\"https:\\\/\\\/www.disponic.de\\\/#\\\/schema\\\/logo\\\/image\\\/\",\"url\":\"https:\\\/\\\/www.disponic.de\\\/wp-content\\\/uploads\\\/2023\\\/10\\\/DISPONIC-Logo_DE.svg\",\"contentUrl\":\"https:\\\/\\\/www.disponic.de\\\/wp-content\\\/uploads\\\/2023\\\/10\\\/DISPONIC-Logo_DE.svg\",\"caption\":\"DISPONIC\"},\"image\":{\"@id\":\"https:\\\/\\\/www.disponic.de\\\/#\\\/schema\\\/logo\\\/image\\\/\"},\"sameAs\":[\"https:\\\/\\\/de.linkedin.com\\\/company\\\/bite-ag\",\"https:\\\/\\\/www.youtube.com\\\/PadisBiteAG\"]}]}<\/script>\n<!-- \/ Yoast SEO plugin. -->","yoast_head_json":{"title":"Kompetencje - DISPONIC","robots":{"index":"index","follow":"follow","max-snippet":"max-snippet:-1","max-image-preview":"max-image-preview:large","max-video-preview":"max-video-preview:-1"},"canonical":"https:\/\/www.disponic.de\/pl\/wiedza-specjalistyczna\/","og_locale":"pl_PL","og_type":"article","og_title":"Kompetencje - DISPONIC","og_description":"[vc_row full_width=&#8221;stretch_row&#8221; css=&#8221;.vc_custom_1704977784059{margin-top: -40px !important;padding-top: 20% !important;padding-bottom: 20% !important;background-image: url(https:\/\/disponic.de\/wp-content\/uploads\/2024\/01\/Header_kompetenzen.jpg?id=523) !important;}&#8221;][vc_column][\/vc_column][\/vc_row][vc_row][vc_column][vc_empty_space][\/vc_column][\/vc_row][vc_row][vc_column][vc_custom_heading text=&#8221;Obszary, w kt\u00f3rych si\u0119 specjalizujemy&#8221; font_container=&#8221;tag:h1|text_align:left&#8221; use_theme_fonts=&#8221;yes&#8221;][vc_column_text]W agencjach ochrony (ochrona obiekt\u00f3w, imprez masowych itd.), [&hellip;]","og_url":"https:\/\/www.disponic.de\/pl\/wiedza-specjalistyczna\/","og_site_name":"DISPONIC","article_modified_time":"2024-04-11T13:21:36+00:00","twitter_card":"summary_large_image","twitter_misc":{"Szacowany czas czytania":"5 minut"},"schema":{"@context":"https:\/\/schema.org","@graph":[{"@type":"WebPage","@id":"https:\/\/www.disponic.de\/pl\/wiedza-specjalistyczna\/","url":"https:\/\/www.disponic.de\/pl\/wiedza-specjalistyczna\/","name":"Kompetencje - DISPONIC","isPartOf":{"@id":"https:\/\/www.disponic.de\/#website"},"datePublished":"2023-09-25T13:54:55+00:00","dateModified":"2024-04-11T13:21:36+00:00","breadcrumb":{"@id":"https:\/\/www.disponic.de\/pl\/wiedza-specjalistyczna\/#breadcrumb"},"inLanguage":"pl-PL","potentialAction":[{"@type":"ReadAction","target":["https:\/\/www.disponic.de\/pl\/wiedza-specjalistyczna\/"]}]},{"@type":"BreadcrumbList","@id":"https:\/\/www.disponic.de\/pl\/wiedza-specjalistyczna\/#breadcrumb","itemListElement":[{"@type":"ListItem","position":1,"name":"Startseite","item":"https:\/\/www.disponic.de\/pl\/"},{"@type":"ListItem","position":2,"name":"Kompetencje"}]},{"@type":"WebSite","@id":"https:\/\/www.disponic.de\/#website","url":"https:\/\/www.disponic.de\/","name":"DISPONIC","description":"Die Software f\u00fcr Ihren Sicherheitsdienst. Dienstplanung, Personaleinsatzplanung, mobile Zeiterfassung &amp; Wachbuch\/WKS f\u00fcr die Sicherheitsbranche.","publisher":{"@id":"https:\/\/www.disponic.de\/#organization"},"potentialAction":[{"@type":"SearchAction","target":{"@type":"EntryPoint","urlTemplate":"https:\/\/www.disponic.de\/?s={search_term_string}"},"query-input":{"@type":"PropertyValueSpecification","valueRequired":true,"valueName":"search_term_string"}}],"inLanguage":"pl-PL"},{"@type":"Organization","@id":"https:\/\/www.disponic.de\/#organization","name":"DISPONIC","url":"https:\/\/www.disponic.de\/","logo":{"@type":"ImageObject","inLanguage":"pl-PL","@id":"https:\/\/www.disponic.de\/#\/schema\/logo\/image\/","url":"https:\/\/www.disponic.de\/wp-content\/uploads\/2023\/10\/DISPONIC-Logo_DE.svg","contentUrl":"https:\/\/www.disponic.de\/wp-content\/uploads\/2023\/10\/DISPONIC-Logo_DE.svg","caption":"DISPONIC"},"image":{"@id":"https:\/\/www.disponic.de\/#\/schema\/logo\/image\/"},"sameAs":["https:\/\/de.linkedin.com\/company\/bite-ag","https:\/\/www.youtube.com\/PadisBiteAG"]}]}},"_links":{"self":[{"href":"https:\/\/www.disponic.de\/pl\/wp-json\/wp\/v2\/pages\/22333","targetHints":{"allow":["GET"]}}],"collection":[{"href":"https:\/\/www.disponic.de\/pl\/wp-json\/wp\/v2\/pages"}],"about":[{"href":"https:\/\/www.disponic.de\/pl\/wp-json\/wp\/v2\/types\/page"}],"author":[{"embeddable":true,"href":"https:\/\/www.disponic.de\/pl\/wp-json\/wp\/v2\/users\/1"}],"replies":[{"embeddable":true,"href":"https:\/\/www.disponic.de\/pl\/wp-json\/wp\/v2\/comments?post=22333"}],"version-history":[{"count":12,"href":"https:\/\/www.disponic.de\/pl\/wp-json\/wp\/v2\/pages\/22333\/revisions"}],"predecessor-version":[{"id":22575,"href":"https:\/\/www.disponic.de\/pl\/wp-json\/wp\/v2\/pages\/22333\/revisions\/22575"}],"wp:attachment":[{"href":"https:\/\/www.disponic.de\/pl\/wp-json\/wp\/v2\/media?parent=22333"}],"curies":[{"name":"wp","href":"https:\/\/api.w.org\/{rel}","templated":true}]}}