{"id":22334,"date":"2023-09-26T12:51:12","date_gmt":"2023-09-26T10:51:12","guid":{"rendered":"https:\/\/www.disponic.de\/nadruk\/"},"modified":"2025-10-22T15:00:19","modified_gmt":"2025-10-22T13:00:19","slug":"nadruk","status":"publish","type":"page","link":"https:\/\/www.disponic.de\/pl\/nadruk\/","title":{"rendered":"Impressum"},"content":{"rendered":"<div class=\"wpb-content-wrapper\"><p>[vc_row full_width=&#8221;stretch_row&#8221; css=&#8221;.vc_custom_1707491382529{margin-top: -40px !important;padding-top: 20% !important;padding-bottom: 20% !important;background-image: url(https:\/\/disponic.de\/wp-content\/uploads\/2024\/02\/SW_BiteAG_20230927-0338.jpg?id=18643) !important;background-position: center !important;background-repeat: no-repeat !important;background-size: cover !important;}&#8221;][vc_column][\/vc_column][\/vc_row][vc_row][vc_column][vc_empty_space][\/vc_column][\/vc_row][vc_row css=&#8221;.vc_custom_1700150260269{padding-bottom: 50px !important;}&#8221;][vc_column][vc_custom_heading text=&#8221;Impressum&#8221; font_container=&#8221;tag:h1|text_align:left&#8221; use_theme_fonts=&#8221;yes&#8221;][vc_row_inner][vc_column_inner width=&#8221;1\/2&#8243;][vc_column_text css=&#8221;&#8221;]<\/p>\n<h4>Informacje zgodnie z \u00a7 5 TMG<\/h4>\n<p>Bite AG<br \/>\nIm K\u00f6ller 3<br \/>\n70794 Filderstadt<\/p>\n<p>Rejestr handlowy: HRB 225217<br \/>\nS\u0105d rejestrowy: S\u0105d lokalny w Stuttgarcie<\/p>\n<p><strong>Reprezentowani przez:<\/strong><br \/>\nJochen Hahn (Zarz\u0105d), Niels Reinhard (Zarz\u0105d)<\/p>\n<p>Steffen Schulz (Przewodnicz\u0105cy Rady Nadzorczej),<br \/>\nFelix Kr\u00f6ll (Wiceprzewodnicz\u0105cy Rady Nadzorczej),<br \/>\nMarcel Behringer (Cz\u0142onek Rady Nadzorczej)<\/p>\n<h4><a href=\"https:\/\/www.disponic.de\/pl\/skontaktuj-sie-z-nami\/\">Skontaktuj si\u0119 z nami<\/a><\/h4>\n<p>Telefon: +49 (0)711 380155 0<br \/>\nFaks: +49 (0)711 380155 102<br \/>\nE-mail: info@bite.de[\/vc_column_text][\/vc_column_inner][vc_column_inner width=&#8221;1\/2&#8243;][vc_column_text]<\/p>\n<h4>NIP \/ VAT UE<\/h4>\n<p>Numer identyfikacji podatkowej zgodnie z \u00a7 27 ustawy o podatku od sprzeda\u017cy:<br \/>\nPL 173058854<\/p>\n<h4>Rozstrzyganie spor\u00f3w w UE<\/h4>\n<p>Komisja Europejska udost\u0119pnia platform\u0119 internetowego rozstrzygania spor\u00f3w (OS): <a href=\"https:\/\/ec.europa.eu\/consumers\/odr\/\" target=\"_blank\" rel=\"noopener noreferrer\">https:\/\/ec.europa.eu\/consumers\/odr\/<\/a>.<br \/>\nNasz adres e-mail mo\u017cna znale\u017a\u0107 w powy\u017cszej nocie prawnej.<\/p>\n<h4>Rozstrzyganie spor\u00f3w konsumenckich\/uniwersalne centrum arbitra\u017cowe<\/h4>\n<p>Nie jeste\u015bmy sk\u0142onni ani zobowi\u0105zani do udzia\u0142u w post\u0119powaniu rozstrzygaj\u0105cym spory przed komisj\u0105 arbitra\u017cow\u0105 ds. konsument\u00f3w.<\/p>\n<h4>Koncepcja, projekt i realizacja<\/h4>\n<p><a href=\"https:\/\/www.dreamland.de\" target=\"_blank\" rel=\"noopener\">Agencja reklamowa Dreamland<\/a><br \/>\nEmail: info@dreamland.de[\/vc_column_text][\/vc_column_inner][\/vc_row_inner][\/vc_column][\/vc_row]<\/p>\n<\/div>","protected":false},"excerpt":{"rendered":"<p>[vc_row full_width=&#8221;stretch_row&#8221; css=&#8221;.vc_custom_1707491382529{margin-top: -40px !important;padding-top: 20% !important;padding-bottom: 20% !important;background-image: url(https:\/\/disponic.de\/wp-content\/uploads\/2024\/02\/SW_BiteAG_20230927-0338.jpg?id=18643) !important;background-position: center !important;background-repeat: no-repeat !important;background-size: cover !important;}&#8221;][vc_column][\/vc_column][\/vc_row][vc_row][vc_column][vc_empty_space][\/vc_column][\/vc_row][vc_row css=&#8221;.vc_custom_1700150260269{padding-bottom: 50px !important;}&#8221;][vc_column][vc_custom_heading text=&#8221;Impressum&#8221; font_container=&#8221;tag:h1|text_align:left&#8221; use_theme_fonts=&#8221;yes&#8221;][vc_row_inner][vc_column_inner width=&#8221;1\/2&#8243;][vc_column_text css=&#8221;&#8221;] [&hellip;]<\/p>\n","protected":false},"author":1,"featured_media":0,"parent":0,"menu_order":0,"comment_status":"closed","ping_status":"closed","template":"","meta":{"_acf_changed":false,"footnotes":""},"class_list":["post-22334","page","type-page","status-publish","hentry","wpbf-post"],"acf":[],"yoast_head":"<!-- This site is optimized with the Yoast SEO plugin v27.3 - https:\/\/yoast.com\/product\/yoast-seo-wordpress\/ -->\n<title>Impressum - DISPONIC<\/title>\n<meta name=\"description\" content=\"Wszystkie istotne informacje prawne dotycz\u0105ce strony internetowej i jej operatora mo\u017cna znale\u017a\u0107 w nocie prawnej.\" \/>\n<meta name=\"robots\" content=\"index, follow, max-snippet:-1, max-image-preview:large, max-video-preview:-1\" \/>\n<link rel=\"canonical\" href=\"https:\/\/www.disponic.de\/pl\/nadruk\/\" \/>\n<meta property=\"og:locale\" content=\"pl_PL\" \/>\n<meta property=\"og:type\" content=\"article\" \/>\n<meta property=\"og:title\" content=\"Impressum - DISPONIC\" \/>\n<meta property=\"og:description\" content=\"Wszystkie istotne informacje prawne dotycz\u0105ce strony internetowej i jej operatora mo\u017cna znale\u017a\u0107 w nocie prawnej.\" \/>\n<meta property=\"og:url\" content=\"https:\/\/www.disponic.de\/pl\/nadruk\/\" \/>\n<meta property=\"og:site_name\" content=\"DISPONIC\" \/>\n<meta property=\"article:modified_time\" content=\"2025-10-22T13:00:19+00:00\" \/>\n<meta name=\"twitter:card\" content=\"summary_large_image\" \/>\n<meta name=\"twitter:label1\" content=\"Szacowany czas czytania\" \/>\n\t<meta name=\"twitter:data1\" content=\"1 minuta\" \/>\n<script type=\"application\/ld+json\" class=\"yoast-schema-graph\">{\"@context\":\"https:\\\/\\\/schema.org\",\"@graph\":[{\"@type\":\"WebPage\",\"@id\":\"https:\\\/\\\/www.disponic.de\\\/pl\\\/nadruk\\\/\",\"url\":\"https:\\\/\\\/www.disponic.de\\\/pl\\\/nadruk\\\/\",\"name\":\"Impressum - DISPONIC\",\"isPartOf\":{\"@id\":\"https:\\\/\\\/www.disponic.de\\\/#website\"},\"datePublished\":\"2023-09-26T10:51:12+00:00\",\"dateModified\":\"2025-10-22T13:00:19+00:00\",\"description\":\"Wszystkie istotne informacje prawne dotycz\u0105ce strony internetowej i jej operatora mo\u017cna znale\u017a\u0107 w nocie prawnej.\",\"breadcrumb\":{\"@id\":\"https:\\\/\\\/www.disponic.de\\\/pl\\\/nadruk\\\/#breadcrumb\"},\"inLanguage\":\"pl-PL\",\"potentialAction\":[{\"@type\":\"ReadAction\",\"target\":[\"https:\\\/\\\/www.disponic.de\\\/pl\\\/nadruk\\\/\"]}]},{\"@type\":\"BreadcrumbList\",\"@id\":\"https:\\\/\\\/www.disponic.de\\\/pl\\\/nadruk\\\/#breadcrumb\",\"itemListElement\":[{\"@type\":\"ListItem\",\"position\":1,\"name\":\"Startseite\",\"item\":\"https:\\\/\\\/www.disponic.de\\\/pl\\\/\"},{\"@type\":\"ListItem\",\"position\":2,\"name\":\"Impressum\"}]},{\"@type\":\"WebSite\",\"@id\":\"https:\\\/\\\/www.disponic.de\\\/#website\",\"url\":\"https:\\\/\\\/www.disponic.de\\\/\",\"name\":\"DISPONIC\",\"description\":\"Die Software f\u00fcr Ihren Sicherheitsdienst. Dienstplanung, Personaleinsatzplanung, mobile Zeiterfassung &amp; Wachbuch\\\/WKS f\u00fcr die Sicherheitsbranche.\",\"publisher\":{\"@id\":\"https:\\\/\\\/www.disponic.de\\\/#organization\"},\"potentialAction\":[{\"@type\":\"SearchAction\",\"target\":{\"@type\":\"EntryPoint\",\"urlTemplate\":\"https:\\\/\\\/www.disponic.de\\\/?s={search_term_string}\"},\"query-input\":{\"@type\":\"PropertyValueSpecification\",\"valueRequired\":true,\"valueName\":\"search_term_string\"}}],\"inLanguage\":\"pl-PL\"},{\"@type\":\"Organization\",\"@id\":\"https:\\\/\\\/www.disponic.de\\\/#organization\",\"name\":\"DISPONIC\",\"url\":\"https:\\\/\\\/www.disponic.de\\\/\",\"logo\":{\"@type\":\"ImageObject\",\"inLanguage\":\"pl-PL\",\"@id\":\"https:\\\/\\\/www.disponic.de\\\/#\\\/schema\\\/logo\\\/image\\\/\",\"url\":\"https:\\\/\\\/www.disponic.de\\\/wp-content\\\/uploads\\\/2023\\\/10\\\/DISPONIC-Logo_DE.svg\",\"contentUrl\":\"https:\\\/\\\/www.disponic.de\\\/wp-content\\\/uploads\\\/2023\\\/10\\\/DISPONIC-Logo_DE.svg\",\"caption\":\"DISPONIC\"},\"image\":{\"@id\":\"https:\\\/\\\/www.disponic.de\\\/#\\\/schema\\\/logo\\\/image\\\/\"},\"sameAs\":[\"https:\\\/\\\/de.linkedin.com\\\/company\\\/bite-ag\",\"https:\\\/\\\/www.youtube.com\\\/PadisBiteAG\"]}]}<\/script>\n<!-- \/ Yoast SEO plugin. -->","yoast_head_json":{"title":"Impressum - DISPONIC","description":"Wszystkie istotne informacje prawne dotycz\u0105ce strony internetowej i jej operatora mo\u017cna znale\u017a\u0107 w nocie prawnej.","robots":{"index":"index","follow":"follow","max-snippet":"max-snippet:-1","max-image-preview":"max-image-preview:large","max-video-preview":"max-video-preview:-1"},"canonical":"https:\/\/www.disponic.de\/pl\/nadruk\/","og_locale":"pl_PL","og_type":"article","og_title":"Impressum - DISPONIC","og_description":"Wszystkie istotne informacje prawne dotycz\u0105ce strony internetowej i jej operatora mo\u017cna znale\u017a\u0107 w nocie prawnej.","og_url":"https:\/\/www.disponic.de\/pl\/nadruk\/","og_site_name":"DISPONIC","article_modified_time":"2025-10-22T13:00:19+00:00","twitter_card":"summary_large_image","twitter_misc":{"Szacowany czas czytania":"1 minuta"},"schema":{"@context":"https:\/\/schema.org","@graph":[{"@type":"WebPage","@id":"https:\/\/www.disponic.de\/pl\/nadruk\/","url":"https:\/\/www.disponic.de\/pl\/nadruk\/","name":"Impressum - DISPONIC","isPartOf":{"@id":"https:\/\/www.disponic.de\/#website"},"datePublished":"2023-09-26T10:51:12+00:00","dateModified":"2025-10-22T13:00:19+00:00","description":"Wszystkie istotne informacje prawne dotycz\u0105ce strony internetowej i jej operatora mo\u017cna znale\u017a\u0107 w nocie prawnej.","breadcrumb":{"@id":"https:\/\/www.disponic.de\/pl\/nadruk\/#breadcrumb"},"inLanguage":"pl-PL","potentialAction":[{"@type":"ReadAction","target":["https:\/\/www.disponic.de\/pl\/nadruk\/"]}]},{"@type":"BreadcrumbList","@id":"https:\/\/www.disponic.de\/pl\/nadruk\/#breadcrumb","itemListElement":[{"@type":"ListItem","position":1,"name":"Startseite","item":"https:\/\/www.disponic.de\/pl\/"},{"@type":"ListItem","position":2,"name":"Impressum"}]},{"@type":"WebSite","@id":"https:\/\/www.disponic.de\/#website","url":"https:\/\/www.disponic.de\/","name":"DISPONIC","description":"Die Software f\u00fcr Ihren Sicherheitsdienst. Dienstplanung, Personaleinsatzplanung, mobile Zeiterfassung &amp; Wachbuch\/WKS f\u00fcr die Sicherheitsbranche.","publisher":{"@id":"https:\/\/www.disponic.de\/#organization"},"potentialAction":[{"@type":"SearchAction","target":{"@type":"EntryPoint","urlTemplate":"https:\/\/www.disponic.de\/?s={search_term_string}"},"query-input":{"@type":"PropertyValueSpecification","valueRequired":true,"valueName":"search_term_string"}}],"inLanguage":"pl-PL"},{"@type":"Organization","@id":"https:\/\/www.disponic.de\/#organization","name":"DISPONIC","url":"https:\/\/www.disponic.de\/","logo":{"@type":"ImageObject","inLanguage":"pl-PL","@id":"https:\/\/www.disponic.de\/#\/schema\/logo\/image\/","url":"https:\/\/www.disponic.de\/wp-content\/uploads\/2023\/10\/DISPONIC-Logo_DE.svg","contentUrl":"https:\/\/www.disponic.de\/wp-content\/uploads\/2023\/10\/DISPONIC-Logo_DE.svg","caption":"DISPONIC"},"image":{"@id":"https:\/\/www.disponic.de\/#\/schema\/logo\/image\/"},"sameAs":["https:\/\/de.linkedin.com\/company\/bite-ag","https:\/\/www.youtube.com\/PadisBiteAG"]}]}},"_links":{"self":[{"href":"https:\/\/www.disponic.de\/pl\/wp-json\/wp\/v2\/pages\/22334","targetHints":{"allow":["GET"]}}],"collection":[{"href":"https:\/\/www.disponic.de\/pl\/wp-json\/wp\/v2\/pages"}],"about":[{"href":"https:\/\/www.disponic.de\/pl\/wp-json\/wp\/v2\/types\/page"}],"author":[{"embeddable":true,"href":"https:\/\/www.disponic.de\/pl\/wp-json\/wp\/v2\/users\/1"}],"replies":[{"embeddable":true,"href":"https:\/\/www.disponic.de\/pl\/wp-json\/wp\/v2\/comments?post=22334"}],"version-history":[{"count":18,"href":"https:\/\/www.disponic.de\/pl\/wp-json\/wp\/v2\/pages\/22334\/revisions"}],"predecessor-version":[{"id":27007,"href":"https:\/\/www.disponic.de\/pl\/wp-json\/wp\/v2\/pages\/22334\/revisions\/27007"}],"wp:attachment":[{"href":"https:\/\/www.disponic.de\/pl\/wp-json\/wp\/v2\/media?parent=22334"}],"curies":[{"name":"wp","href":"https:\/\/api.w.org\/{rel}","templated":true}]}}