{"id":22352,"date":"2020-08-07T12:15:33","date_gmt":"2020-08-07T10:15:33","guid":{"rendered":"https:\/\/www.disponic.de\/strona-glowna\/"},"modified":"2025-04-23T17:11:48","modified_gmt":"2025-04-23T15:11:48","slug":"strona-glowna","status":"publish","type":"page","link":"https:\/\/www.disponic.de\/pl\/","title":{"rendered":"Strona g\u0142\u00f3wna"},"content":{"rendered":"<div class=\"wpb-content-wrapper\"><p>[vc_row full_width=&#8221;stretch_row&#8221; awb_type=&#8221;video&#8221; awb_image_background_position=&#8221;50% 50%&#8221; awb_video_mobile=&#8221;1&#8243; css=&#8221;.vc_custom_1745421104532{margin-top: -40px !important;padding-top: 25% !important;padding-bottom: 25% !important;background-color: #ffffff !important;}&#8221; awb_video_mp4=&#8221;23637&#8243; awb_image=&#8221;23648&#8243; awb_video_webm=&#8221;23640&#8243;][vc_column][\/vc_column][\/vc_row][vc_row][vc_column][vc_empty_space][\/vc_column][\/vc_row][vc_row][vc_column][vc_custom_heading text=&#8221;Planowanie obowi\u0105zk\u00f3w z efektem WOW&#8221; font_container=&#8221;tag:h1|font_size:60|text_align:left&#8221; use_theme_fonts=&#8221;yes&#8221;][vc_column_text]<strong>Grafik dy\u017cur\u00f3w,harmonogram pracy, wynagrodzenie brutto, fakturowanie, aplikacje na smartfony, takie jak mobilna rejestracja czasu pracy i system kontroli obchod\u00f3w &#8211; wszystko z jednego \u017ar\u00f3d\u0142a, to zaleta. <\/strong><\/p>\n<p>Oprogramowanie DISPONIC firmy Bite AG \u0142\u0105czy wypr\u00f3bowane i przetestowane funkcje z najnowszymi mo\u017cliwo\u015bciami technicznymi. Wraz z DISPONIC w sieci, portalem internetowym i jego funkcjami w zakresie informacji o grafiku dy\u017cur\u00f3w, wniosk\u00f3w urlopowych i innych, mo\u017cliwa jest szybka i nowoczesna komunikacja na du\u017ce i ma\u0142e odleg\u0142o\u015bci.[\/vc_column_text][\/vc_column][\/vc_row][vc_row][vc_column][vc_empty_space height=&#8221;60px&#8221;][\/vc_column][\/vc_row][vc_row full_width=&#8221;stretch_row&#8221; gap=&#8221;30&#8243; css=&#8221;.vc_custom_1695650925800{padding-top: 5% !important;padding-bottom: 5% !important;background-image: url(https:\/\/disponic.de\/wp-content\/uploads\/2023\/09\/Gruppe-45.jpg?id=29) !important;}&#8221; el_class=&#8221;home_ql&#8221;][vc_column width=&#8221;1\/3&#8243; css=&#8221;.vc_custom_1695645010373{background-color: #f9b135 !important;}&#8221;][vc_custom_heading text=&#8221;Modu\u0142y&#8221; font_container=&#8221;tag:h3|text_align:center&#8221; use_theme_fonts=&#8221;yes&#8221;][vc_column_text]<\/p>\n<p style=\"text-align: center;\">DISPONIC zawsze na czasie: ekonomiczny, zoptymalizowany, bazuj\u0105cy na przegl\u0105darce www<\/p>\n<p>[\/vc_column_text][vc_empty_space height=&#8221;10px&#8221;][vc_btn title=&#8221;Dowiedz si\u0119 wi\u0119cej&#8221; style=&#8221;flat&#8221; shape=&#8221;square&#8221; color=&#8221;white&#8221; align=&#8221;center&#8221; link=&#8221;url:https%3A%2F%2Fwww.disponic.de%2Fpl%2Fmoduly%2F|title:Modu%C5%82y&#8221;][\/vc_column][vc_column width=&#8221;1\/3&#8243; css=&#8221;.vc_custom_1695645253291{background-color: #f9b135 !important;}&#8221;][vc_custom_heading text=&#8221;Us\u0142uga&#8221; font_container=&#8221;tag:h3|text_align:center&#8221; use_theme_fonts=&#8221;yes&#8221;][vc_column_text]<\/p>\n<p style=\"text-align: center;\">Dzi\u0119ki naszej infolinii<br \/>\njeste\u015bmy tu dla Ciebie.<br \/>\nZar\u00f3wno online, jak i telefonicznie.<\/p>\n<p>[\/vc_column_text][vc_empty_space height=&#8221;10px&#8221;][vc_btn title=&#8221;Dowiedz si\u0119 wi\u0119cej&#8221; style=&#8221;flat&#8221; shape=&#8221;square&#8221; color=&#8221;white&#8221; align=&#8221;center&#8221; link=&#8221;url:https%3A%2F%2Fwww.disponic.de%2Fpl%2Fuslugi%2F|title:Us%C5%82ugi&#8221;][\/vc_column][vc_column width=&#8221;1\/3&#8243; css=&#8221;.vc_custom_1695645258723{background-color: #f9b135 !important;}&#8221;][vc_custom_heading text=&#8221;Skontaktuj si\u0119 z nami&#8221; font_container=&#8221;tag:h3|text_align:center&#8221; use_theme_fonts=&#8221;yes&#8221;][vc_column_text]<\/p>\n<p style=\"text-align: center;\">Masz pytania dotycz\u0105ce oprogramowania lub chcia\u0142by\u015b uzyska\u0107 spersonalizowan\u0105 porad\u0119?<\/p>\n<p>[\/vc_column_text][vc_empty_space height=&#8221;10px&#8221;][vc_btn title=&#8221;Dowiedz si\u0119 wi\u0119cej&#8221; style=&#8221;flat&#8221; shape=&#8221;square&#8221; color=&#8221;white&#8221; align=&#8221;center&#8221; link=&#8221;url:https%3A%2F%2Fwww.disponic.de%2Fpl%2Fskontaktuj-sie-z-nami%2F|title:Skontaktuj%20si%C4%99%20z%20nami&#8221;][\/vc_column][\/vc_row][vc_row][vc_column][vc_empty_space height=&#8221;60px&#8221;][\/vc_column][\/vc_row][vc_row el_class=&#8221;home_news&#8221;][vc_column][vc_custom_heading text=&#8221;Co nowego?&#8221; font_container=&#8221;tag:h2|text_align:center&#8221; use_theme_fonts=&#8221;yes&#8221;][vc_column_text css=&#8221;.vc_custom_1706541058045{padding-right: 7% !important;padding-left: 7% !important;}&#8221;]<\/p>\n<p style=\"text-align: center;\">Tutaj znajdziesz porady i wskaz\u00f3wki dotycz\u0105ce DISPONIC, wiadomo\u015bci od zespo\u0142u Bite AG i inne przydatne informacje.<\/p>\n<p>[\/vc_column_text][vc_empty_space height=&#8221;50px&#8221;][vc_basic_grid post_type=&#8221;post&#8221; max_items=&#8221;3&#8243; item=&#8221;81&#8243; grid_id=&#8221;vc_gid:1745421076998-cb4ff890-e607-1&#8243;][\/vc_column][\/vc_row][vc_row full_width=&#8221;stretch_row&#8221; disable_element=&#8221;yes&#8221; css=&#8221;.vc_custom_1707491430617{padding-top: 5% !important;padding-bottom: 5% !important;background-image: url(https:\/\/disponic.de\/wp-content\/uploads\/2023\/09\/Gruppe-45.jpg?id=29) !important;}&#8221;][vc_column css=&#8221;.vc_custom_1695725069457{padding-top: 0px !important;}&#8221;][vc_row_inner content_placement=&#8221;middle&#8221; css=&#8221;.vc_custom_1695725048020{background-color: #f9b135 !important;}&#8221; el_class=&#8221;home_veranstaltung&#8221;][vc_column_inner width=&#8221;2\/3&#8243;][vc_column_text]<\/p>\n<h3><strong>Anwendertreffen (20.\u201321.04.2023)<\/strong><br \/>\nw Muzeum Sportu i Olimpizmu w Kolonii<\/h3>\n<p>W ci\u0105gu dw\u00f3ch dni zdob\u0119dziesz kompleksow\u0105 wiedz\u0119 na prawie wszystkie tematy zwi\u0105zane z DISPONIC. Twoja codzienna praca staje si\u0119 bardziej wydajna i bezpieczniejsza. Poznasz nowe funkcje, obej\u015bcia, wskaz\u00f3wki i triki. Zar\u00f3wno od naszych trener\u00f3w, jak i w dialogu z innymi u\u017cytkownikami DISPONIC.[\/vc_column_text][vc_btn title=&#8221;Zarejestruj si\u0119 teraz&#8221; style=&#8221;flat&#8221; shape=&#8221;square&#8221; color=&#8221;white&#8221; align=&#8221;left&#8221; link=&#8221;url:https%3A%2F%2Fdisponic.de%2Fanwendertreffen%2F|title:Zarejestruj%20si%C4%99%20teraz|&#8221;][\/vc_column_inner][vc_column_inner width=&#8221;1\/3&#8243;][vc_single_image image=&#8221;126&#8243; img_size=&#8221;full&#8221; alignment=&#8221;center&#8221;][\/vc_column_inner][\/vc_row_inner][\/vc_column][\/vc_row]<\/p>\n<\/div>","protected":false},"excerpt":{"rendered":"<p>[vc_row full_width=&#8221;stretch_row&#8221; awb_type=&#8221;video&#8221; awb_image_background_position=&#8221;50% 50%&#8221; awb_video_mobile=&#8221;1&#8243; css=&#8221;.vc_custom_1745421104532{margin-top: -40px !important;padding-top: 25% !important;padding-bottom: 25% !important;background-color: #ffffff !important;}&#8221; awb_video_mp4=&#8221;23637&#8243; awb_image=&#8221;23648&#8243; awb_video_webm=&#8221;23640&#8243;][vc_column][\/vc_column][\/vc_row][vc_row][vc_column][vc_empty_space][\/vc_column][\/vc_row][vc_row][vc_column][vc_custom_heading text=&#8221;Planowanie obowi\u0105zk\u00f3w z efektem WOW&#8221; font_container=&#8221;tag:h1|font_size:60|text_align:left&#8221; use_theme_fonts=&#8221;yes&#8221;][vc_column_text]Grafik [&hellip;]<\/p>\n","protected":false},"author":1,"featured_media":0,"parent":0,"menu_order":0,"comment_status":"closed","ping_status":"closed","template":"","meta":{"_acf_changed":false,"footnotes":""},"class_list":["post-22352","page","type-page","status-publish","hentry","wpbf-post"],"acf":[],"yoast_head":"<!-- This site is optimized with the Yoast SEO plugin v27.3 - https:\/\/yoast.com\/product\/yoast-seo-wordpress\/ -->\n<title>Strona g\u0142\u00f3wna - DISPONIC<\/title>\n<meta name=\"robots\" content=\"index, follow, max-snippet:-1, max-image-preview:large, max-video-preview:-1\" \/>\n<link rel=\"canonical\" href=\"https:\/\/www.disponic.de\/pl\/\" \/>\n<meta property=\"og:locale\" content=\"pl_PL\" \/>\n<meta property=\"og:type\" content=\"article\" \/>\n<meta property=\"og:title\" content=\"Strona g\u0142\u00f3wna - DISPONIC\" \/>\n<meta property=\"og:description\" content=\"[vc_row full_width=&#8221;stretch_row&#8221; awb_type=&#8221;video&#8221; awb_image_background_position=&#8221;50% 50%&#8221; awb_video_mobile=&#8221;1&#8243; css=&#8221;.vc_custom_1745421104532{margin-top: -40px !important;padding-top: 25% !important;padding-bottom: 25% !important;background-color: #ffffff !important;}&#8221; awb_video_mp4=&#8221;23637&#8243; awb_image=&#8221;23648&#8243; awb_video_webm=&#8221;23640&#8243;][vc_column][\/vc_column][\/vc_row][vc_row][vc_column][vc_empty_space][\/vc_column][\/vc_row][vc_row][vc_column][vc_custom_heading text=&#8221;Planowanie obowi\u0105zk\u00f3w z efektem WOW&#8221; font_container=&#8221;tag:h1|font_size:60|text_align:left&#8221; use_theme_fonts=&#8221;yes&#8221;][vc_column_text]Grafik [&hellip;]\" \/>\n<meta property=\"og:url\" content=\"https:\/\/www.disponic.de\/pl\/\" \/>\n<meta property=\"og:site_name\" content=\"DISPONIC\" \/>\n<meta property=\"article:modified_time\" content=\"2025-04-23T15:11:48+00:00\" \/>\n<meta name=\"twitter:card\" content=\"summary_large_image\" \/>\n<meta name=\"twitter:label1\" content=\"Szacowany czas czytania\" \/>\n\t<meta name=\"twitter:data1\" content=\"2 minuty\" \/>\n<script type=\"application\/ld+json\" class=\"yoast-schema-graph\">{\"@context\":\"https:\\\/\\\/schema.org\",\"@graph\":[{\"@type\":\"WebPage\",\"@id\":\"https:\\\/\\\/www.disponic.de\\\/pl\\\/\",\"url\":\"https:\\\/\\\/www.disponic.de\\\/pl\\\/\",\"name\":\"Strona g\u0142\u00f3wna - DISPONIC\",\"isPartOf\":{\"@id\":\"https:\\\/\\\/www.disponic.de\\\/#website\"},\"datePublished\":\"2020-08-07T10:15:33+00:00\",\"dateModified\":\"2025-04-23T15:11:48+00:00\",\"breadcrumb\":{\"@id\":\"https:\\\/\\\/www.disponic.de\\\/pl\\\/#breadcrumb\"},\"inLanguage\":\"pl-PL\",\"potentialAction\":[{\"@type\":\"ReadAction\",\"target\":[\"https:\\\/\\\/www.disponic.de\\\/pl\\\/\"]}]},{\"@type\":\"BreadcrumbList\",\"@id\":\"https:\\\/\\\/www.disponic.de\\\/pl\\\/#breadcrumb\",\"itemListElement\":[{\"@type\":\"ListItem\",\"position\":1,\"name\":\"Startseite\",\"item\":\"https:\\\/\\\/www.disponic.de\\\/pl\\\/\"},{\"@type\":\"ListItem\",\"position\":2,\"name\":\"Strona g\u0142\u00f3wna\"}]},{\"@type\":\"WebSite\",\"@id\":\"https:\\\/\\\/www.disponic.de\\\/#website\",\"url\":\"https:\\\/\\\/www.disponic.de\\\/\",\"name\":\"DISPONIC\",\"description\":\"Die Software f\u00fcr Ihren Sicherheitsdienst. Dienstplanung, Personaleinsatzplanung, mobile Zeiterfassung &amp; Wachbuch\\\/WKS f\u00fcr die Sicherheitsbranche.\",\"publisher\":{\"@id\":\"https:\\\/\\\/www.disponic.de\\\/#organization\"},\"potentialAction\":[{\"@type\":\"SearchAction\",\"target\":{\"@type\":\"EntryPoint\",\"urlTemplate\":\"https:\\\/\\\/www.disponic.de\\\/?s={search_term_string}\"},\"query-input\":{\"@type\":\"PropertyValueSpecification\",\"valueRequired\":true,\"valueName\":\"search_term_string\"}}],\"inLanguage\":\"pl-PL\"},{\"@type\":\"Organization\",\"@id\":\"https:\\\/\\\/www.disponic.de\\\/#organization\",\"name\":\"DISPONIC\",\"url\":\"https:\\\/\\\/www.disponic.de\\\/\",\"logo\":{\"@type\":\"ImageObject\",\"inLanguage\":\"pl-PL\",\"@id\":\"https:\\\/\\\/www.disponic.de\\\/#\\\/schema\\\/logo\\\/image\\\/\",\"url\":\"https:\\\/\\\/www.disponic.de\\\/wp-content\\\/uploads\\\/2023\\\/10\\\/DISPONIC-Logo_DE.svg\",\"contentUrl\":\"https:\\\/\\\/www.disponic.de\\\/wp-content\\\/uploads\\\/2023\\\/10\\\/DISPONIC-Logo_DE.svg\",\"caption\":\"DISPONIC\"},\"image\":{\"@id\":\"https:\\\/\\\/www.disponic.de\\\/#\\\/schema\\\/logo\\\/image\\\/\"},\"sameAs\":[\"https:\\\/\\\/de.linkedin.com\\\/company\\\/bite-ag\",\"https:\\\/\\\/www.youtube.com\\\/PadisBiteAG\"]}]}<\/script>\n<!-- \/ Yoast SEO plugin. -->","yoast_head_json":{"title":"Strona g\u0142\u00f3wna - DISPONIC","robots":{"index":"index","follow":"follow","max-snippet":"max-snippet:-1","max-image-preview":"max-image-preview:large","max-video-preview":"max-video-preview:-1"},"canonical":"https:\/\/www.disponic.de\/pl\/","og_locale":"pl_PL","og_type":"article","og_title":"Strona g\u0142\u00f3wna - DISPONIC","og_description":"[vc_row full_width=&#8221;stretch_row&#8221; awb_type=&#8221;video&#8221; awb_image_background_position=&#8221;50% 50%&#8221; awb_video_mobile=&#8221;1&#8243; css=&#8221;.vc_custom_1745421104532{margin-top: -40px !important;padding-top: 25% !important;padding-bottom: 25% !important;background-color: #ffffff !important;}&#8221; awb_video_mp4=&#8221;23637&#8243; awb_image=&#8221;23648&#8243; awb_video_webm=&#8221;23640&#8243;][vc_column][\/vc_column][\/vc_row][vc_row][vc_column][vc_empty_space][\/vc_column][\/vc_row][vc_row][vc_column][vc_custom_heading text=&#8221;Planowanie obowi\u0105zk\u00f3w z efektem WOW&#8221; font_container=&#8221;tag:h1|font_size:60|text_align:left&#8221; use_theme_fonts=&#8221;yes&#8221;][vc_column_text]Grafik [&hellip;]","og_url":"https:\/\/www.disponic.de\/pl\/","og_site_name":"DISPONIC","article_modified_time":"2025-04-23T15:11:48+00:00","twitter_card":"summary_large_image","twitter_misc":{"Szacowany czas czytania":"2 minuty"},"schema":{"@context":"https:\/\/schema.org","@graph":[{"@type":"WebPage","@id":"https:\/\/www.disponic.de\/pl\/","url":"https:\/\/www.disponic.de\/pl\/","name":"Strona g\u0142\u00f3wna - DISPONIC","isPartOf":{"@id":"https:\/\/www.disponic.de\/#website"},"datePublished":"2020-08-07T10:15:33+00:00","dateModified":"2025-04-23T15:11:48+00:00","breadcrumb":{"@id":"https:\/\/www.disponic.de\/pl\/#breadcrumb"},"inLanguage":"pl-PL","potentialAction":[{"@type":"ReadAction","target":["https:\/\/www.disponic.de\/pl\/"]}]},{"@type":"BreadcrumbList","@id":"https:\/\/www.disponic.de\/pl\/#breadcrumb","itemListElement":[{"@type":"ListItem","position":1,"name":"Startseite","item":"https:\/\/www.disponic.de\/pl\/"},{"@type":"ListItem","position":2,"name":"Strona g\u0142\u00f3wna"}]},{"@type":"WebSite","@id":"https:\/\/www.disponic.de\/#website","url":"https:\/\/www.disponic.de\/","name":"DISPONIC","description":"Die Software f\u00fcr Ihren Sicherheitsdienst. Dienstplanung, Personaleinsatzplanung, mobile Zeiterfassung &amp; Wachbuch\/WKS f\u00fcr die Sicherheitsbranche.","publisher":{"@id":"https:\/\/www.disponic.de\/#organization"},"potentialAction":[{"@type":"SearchAction","target":{"@type":"EntryPoint","urlTemplate":"https:\/\/www.disponic.de\/?s={search_term_string}"},"query-input":{"@type":"PropertyValueSpecification","valueRequired":true,"valueName":"search_term_string"}}],"inLanguage":"pl-PL"},{"@type":"Organization","@id":"https:\/\/www.disponic.de\/#organization","name":"DISPONIC","url":"https:\/\/www.disponic.de\/","logo":{"@type":"ImageObject","inLanguage":"pl-PL","@id":"https:\/\/www.disponic.de\/#\/schema\/logo\/image\/","url":"https:\/\/www.disponic.de\/wp-content\/uploads\/2023\/10\/DISPONIC-Logo_DE.svg","contentUrl":"https:\/\/www.disponic.de\/wp-content\/uploads\/2023\/10\/DISPONIC-Logo_DE.svg","caption":"DISPONIC"},"image":{"@id":"https:\/\/www.disponic.de\/#\/schema\/logo\/image\/"},"sameAs":["https:\/\/de.linkedin.com\/company\/bite-ag","https:\/\/www.youtube.com\/PadisBiteAG"]}]}},"_links":{"self":[{"href":"https:\/\/www.disponic.de\/pl\/wp-json\/wp\/v2\/pages\/22352","targetHints":{"allow":["GET"]}}],"collection":[{"href":"https:\/\/www.disponic.de\/pl\/wp-json\/wp\/v2\/pages"}],"about":[{"href":"https:\/\/www.disponic.de\/pl\/wp-json\/wp\/v2\/types\/page"}],"author":[{"embeddable":true,"href":"https:\/\/www.disponic.de\/pl\/wp-json\/wp\/v2\/users\/1"}],"replies":[{"embeddable":true,"href":"https:\/\/www.disponic.de\/pl\/wp-json\/wp\/v2\/comments?post=22352"}],"version-history":[{"count":27,"href":"https:\/\/www.disponic.de\/pl\/wp-json\/wp\/v2\/pages\/22352\/revisions"}],"predecessor-version":[{"id":23671,"href":"https:\/\/www.disponic.de\/pl\/wp-json\/wp\/v2\/pages\/22352\/revisions\/23671"}],"wp:attachment":[{"href":"https:\/\/www.disponic.de\/pl\/wp-json\/wp\/v2\/media?parent=22352"}],"curies":[{"name":"wp","href":"https:\/\/api.w.org\/{rel}","templated":true}]}}